{"id":4018,"date":"2025-07-09T12:08:04","date_gmt":"2025-07-09T12:08:04","guid":{"rendered":"https:\/\/elknutrition.ch\/prodotto\/magnesio-relax\/"},"modified":"2025-07-09T12:08:04","modified_gmt":"2025-07-09T12:08:04","slug":"magnesio-relax","status":"publish","type":"product","link":"https:\/\/elknutrition.ch\/de\/prodotto\/magnesio-relax\/","title":{"rendered":"Magnesio Relax"},"content":{"rendered":"<p><strong>Magnesio Relax \u2013 Nahrungserg\u00e4nzungsmittel mit Magnesium, L-Tryptophan und Vitamin B6<\/strong><\/p>\n<p><strong>Magnesio Relax<\/strong> wurde speziell entwickelt, um Entspannung und einen erholsamen Schlaf zu f\u00f6rdern. Es enth\u00e4lt <em>Magnesiumcitrat<\/em>, das f\u00fcr seine beruhigenden Eigenschaften bekannt ist und hilfreich bei der Bek\u00e4mpfung von Angst, Stress und Schlaflosigkeit sein kann. Dank seiner entspannenden Wirkung tr\u00e4gt es zur Verbesserung der Schlafqualit\u00e4t bei. Die Kombination aus <em>Tryptophan<\/em> und <em>Vitamin B6<\/em>, beides entscheidende Elemente bei der Serotoninsynthese \u2013 Vorl\u00e4ufer des Melatonins \u2013 unterst\u00fctzt zus\u00e4tzlich den Tag-Nacht-Rhythmus.   <\/p>\n<p>Unser Nahrungserg\u00e4nzungsmittel ist in praktischen <strong>Stickpacks<\/strong> erh\u00e4ltlich, die vor dem Schlafengehen in einem Glas Wasser aufgel\u00f6st werden. Das nat\u00fcrliche Zitronenaroma macht die Einnahme angenehm und erleichtert die Integration in die Abendroutine. <\/p>\n<p><strong>Anwendung<\/strong>: Es wird empfohlen, t\u00e4glich <strong>einen Stickpack<\/strong> einzunehmen, idealerweise abends vor dem Schlafengehen, aufgel\u00f6st in einem Glas Wasser.<\/p>\n","protected":false},"excerpt":{"rendered":"<p>Magnesium Relax ist ein Stickpack-Pr\u00e4parat mit Magnesium, L-Tryptophan und Vitamin B6, entwickelt zur F\u00f6rderung von Entspannung und besserem Schlaf. Der sanfte Zitronengeschmack und das praktische Format machen es zur idealen Erg\u00e4nzung f\u00fcr eine regenerierende Abendroutine. <\/p>\n","protected":false},"featured_media":4284,"comment_status":"open","ping_status":"closed","template":"","meta":[],"product_brand":[],"product_cat":[44],"product_tag":[],"class_list":{"0":"post-4018","1":"product","2":"type-product","3":"status-publish","4":"has-post-thumbnail","6":"product_cat-nahrungserganzungsmittel","8":"first","9":"instock","10":"shipping-taxable","11":"purchasable","12":"product-type-simple"},"yoast_head":"<!-- This site is optimized with the Yoast SEO plugin v27.4 - https:\/\/yoast.com\/product\/yoast-seo-wordpress\/ -->\n<title>Magnesio Relax - Elk Nutrition<\/title>\n<meta name=\"robots\" content=\"index, follow, max-snippet:-1, max-image-preview:large, max-video-preview:-1\" \/>\n<link rel=\"canonical\" href=\"https:\/\/elknutrition.ch\/de\/prodotto\/magnesio-relax\/\" \/>\n<meta property=\"og:locale\" content=\"de_DE\" \/>\n<meta property=\"og:type\" content=\"article\" \/>\n<meta property=\"og:title\" content=\"Magnesio Relax - Elk Nutrition\" \/>\n<meta property=\"og:description\" content=\"Magnesium Relax ist ein Stickpack-Pr\u00e4parat mit Magnesium, L-Tryptophan und Vitamin B6, entwickelt zur F\u00f6rderung von Entspannung und besserem Schlaf. Der sanfte Zitronengeschmack und das praktische Format machen es zur idealen Erg\u00e4nzung f\u00fcr eine regenerierende Abendroutine.\" \/>\n<meta property=\"og:url\" content=\"https:\/\/elknutrition.ch\/de\/prodotto\/magnesio-relax\/\" \/>\n<meta property=\"og:site_name\" content=\"Elk Nutrition\" \/>\n<meta property=\"og:image\" content=\"https:\/\/elknutrition.ch\/wp-content\/uploads\/2025\/07\/elk-magnesio-relax.webp\" \/>\n\t<meta property=\"og:image:width\" content=\"800\" \/>\n\t<meta property=\"og:image:height\" content=\"800\" \/>\n\t<meta property=\"og:image:type\" content=\"image\/webp\" \/>\n<meta name=\"twitter:card\" content=\"summary_large_image\" \/>\n<meta name=\"twitter:label1\" content=\"Gesch\u00e4tzte Lesezeit\" \/>\n\t<meta name=\"twitter:data1\" content=\"1\u00a0Minute\" \/>\n<script type=\"application\/ld+json\" class=\"yoast-schema-graph\">{\"@context\":\"https:\\\/\\\/schema.org\",\"@graph\":[{\"@type\":\"WebPage\",\"@id\":\"https:\\\/\\\/elknutrition.ch\\\/de\\\/prodotto\\\/magnesio-relax\\\/\",\"url\":\"https:\\\/\\\/elknutrition.ch\\\/de\\\/prodotto\\\/magnesio-relax\\\/\",\"name\":\"Magnesio Relax - Elk Nutrition\",\"isPartOf\":{\"@id\":\"https:\\\/\\\/elknutrition.ch\\\/de\\\/#website\"},\"primaryImageOfPage\":{\"@id\":\"https:\\\/\\\/elknutrition.ch\\\/de\\\/prodotto\\\/magnesio-relax\\\/#primaryimage\"},\"image\":{\"@id\":\"https:\\\/\\\/elknutrition.ch\\\/de\\\/prodotto\\\/magnesio-relax\\\/#primaryimage\"},\"thumbnailUrl\":\"https:\\\/\\\/elknutrition.ch\\\/wp-content\\\/uploads\\\/2026\\\/02\\\/elk-magnesio.webp\",\"datePublished\":\"2025-07-09T12:08:04+00:00\",\"breadcrumb\":{\"@id\":\"https:\\\/\\\/elknutrition.ch\\\/de\\\/prodotto\\\/magnesio-relax\\\/#breadcrumb\"},\"inLanguage\":\"de\",\"potentialAction\":[{\"@type\":\"ReadAction\",\"target\":[\"https:\\\/\\\/elknutrition.ch\\\/de\\\/prodotto\\\/magnesio-relax\\\/\"]}]},{\"@type\":\"ImageObject\",\"inLanguage\":\"de\",\"@id\":\"https:\\\/\\\/elknutrition.ch\\\/de\\\/prodotto\\\/magnesio-relax\\\/#primaryimage\",\"url\":\"https:\\\/\\\/elknutrition.ch\\\/wp-content\\\/uploads\\\/2026\\\/02\\\/elk-magnesio.webp\",\"contentUrl\":\"https:\\\/\\\/elknutrition.ch\\\/wp-content\\\/uploads\\\/2026\\\/02\\\/elk-magnesio.webp\",\"width\":1600,\"height\":1600},{\"@type\":\"BreadcrumbList\",\"@id\":\"https:\\\/\\\/elknutrition.ch\\\/de\\\/prodotto\\\/magnesio-relax\\\/#breadcrumb\",\"itemListElement\":[{\"@type\":\"ListItem\",\"position\":1,\"name\":\"Home\",\"item\":\"https:\\\/\\\/elknutrition.ch\\\/de\\\/elk-nutrition\\\/\"},{\"@type\":\"ListItem\",\"position\":2,\"name\":\"ELK Nutrition Produkte\",\"item\":\"https:\\\/\\\/elknutrition.ch\\\/de\\\/produkte\\\/\"},{\"@type\":\"ListItem\",\"position\":3,\"name\":\"Magnesio Relax\"}]},{\"@type\":\"WebSite\",\"@id\":\"https:\\\/\\\/elknutrition.ch\\\/de\\\/#website\",\"url\":\"https:\\\/\\\/elknutrition.ch\\\/de\\\/\",\"name\":\"Elk Nutrition\",\"description\":\"Benessere naturale, ogni giorno\",\"publisher\":{\"@id\":\"https:\\\/\\\/elknutrition.ch\\\/de\\\/#organization\"},\"potentialAction\":[{\"@type\":\"SearchAction\",\"target\":{\"@type\":\"EntryPoint\",\"urlTemplate\":\"https:\\\/\\\/elknutrition.ch\\\/de\\\/?s={search_term_string}\"},\"query-input\":{\"@type\":\"PropertyValueSpecification\",\"valueRequired\":true,\"valueName\":\"search_term_string\"}}],\"inLanguage\":\"de\"},{\"@type\":\"Organization\",\"@id\":\"https:\\\/\\\/elknutrition.ch\\\/de\\\/#organization\",\"name\":\"Elk Nutrition sagl\",\"url\":\"https:\\\/\\\/elknutrition.ch\\\/de\\\/\",\"logo\":{\"@type\":\"ImageObject\",\"inLanguage\":\"de\",\"@id\":\"https:\\\/\\\/elknutrition.ch\\\/de\\\/#\\\/schema\\\/logo\\\/image\\\/\",\"url\":\"https:\\\/\\\/elknutrition.ch\\\/wp-content\\\/uploads\\\/2024\\\/09\\\/elk-nutrition-logo-c.png\",\"contentUrl\":\"https:\\\/\\\/elknutrition.ch\\\/wp-content\\\/uploads\\\/2024\\\/09\\\/elk-nutrition-logo-c.png\",\"width\":600,\"height\":225,\"caption\":\"Elk Nutrition sagl\"},\"image\":{\"@id\":\"https:\\\/\\\/elknutrition.ch\\\/de\\\/#\\\/schema\\\/logo\\\/image\\\/\"}}]}<\/script>\n<!-- \/ Yoast SEO plugin. -->","yoast_head_json":{"title":"Magnesio Relax - Elk Nutrition","robots":{"index":"index","follow":"follow","max-snippet":"max-snippet:-1","max-image-preview":"max-image-preview:large","max-video-preview":"max-video-preview:-1"},"canonical":"https:\/\/elknutrition.ch\/de\/prodotto\/magnesio-relax\/","og_locale":"de_DE","og_type":"article","og_title":"Magnesio Relax - Elk Nutrition","og_description":"Magnesium Relax ist ein Stickpack-Pr\u00e4parat mit Magnesium, L-Tryptophan und Vitamin B6, entwickelt zur F\u00f6rderung von Entspannung und besserem Schlaf. Der sanfte Zitronengeschmack und das praktische Format machen es zur idealen Erg\u00e4nzung f\u00fcr eine regenerierende Abendroutine.","og_url":"https:\/\/elknutrition.ch\/de\/prodotto\/magnesio-relax\/","og_site_name":"Elk Nutrition","og_image":[{"width":800,"height":800,"url":"https:\/\/elknutrition.ch\/wp-content\/uploads\/2025\/07\/elk-magnesio-relax.webp","type":"image\/webp"}],"twitter_card":"summary_large_image","twitter_misc":{"Gesch\u00e4tzte Lesezeit":"1\u00a0Minute"},"schema":{"@context":"https:\/\/schema.org","@graph":[{"@type":"WebPage","@id":"https:\/\/elknutrition.ch\/de\/prodotto\/magnesio-relax\/","url":"https:\/\/elknutrition.ch\/de\/prodotto\/magnesio-relax\/","name":"Magnesio Relax - Elk Nutrition","isPartOf":{"@id":"https:\/\/elknutrition.ch\/de\/#website"},"primaryImageOfPage":{"@id":"https:\/\/elknutrition.ch\/de\/prodotto\/magnesio-relax\/#primaryimage"},"image":{"@id":"https:\/\/elknutrition.ch\/de\/prodotto\/magnesio-relax\/#primaryimage"},"thumbnailUrl":"https:\/\/elknutrition.ch\/wp-content\/uploads\/2026\/02\/elk-magnesio.webp","datePublished":"2025-07-09T12:08:04+00:00","breadcrumb":{"@id":"https:\/\/elknutrition.ch\/de\/prodotto\/magnesio-relax\/#breadcrumb"},"inLanguage":"de","potentialAction":[{"@type":"ReadAction","target":["https:\/\/elknutrition.ch\/de\/prodotto\/magnesio-relax\/"]}]},{"@type":"ImageObject","inLanguage":"de","@id":"https:\/\/elknutrition.ch\/de\/prodotto\/magnesio-relax\/#primaryimage","url":"https:\/\/elknutrition.ch\/wp-content\/uploads\/2026\/02\/elk-magnesio.webp","contentUrl":"https:\/\/elknutrition.ch\/wp-content\/uploads\/2026\/02\/elk-magnesio.webp","width":1600,"height":1600},{"@type":"BreadcrumbList","@id":"https:\/\/elknutrition.ch\/de\/prodotto\/magnesio-relax\/#breadcrumb","itemListElement":[{"@type":"ListItem","position":1,"name":"Home","item":"https:\/\/elknutrition.ch\/de\/elk-nutrition\/"},{"@type":"ListItem","position":2,"name":"ELK Nutrition Produkte","item":"https:\/\/elknutrition.ch\/de\/produkte\/"},{"@type":"ListItem","position":3,"name":"Magnesio Relax"}]},{"@type":"WebSite","@id":"https:\/\/elknutrition.ch\/de\/#website","url":"https:\/\/elknutrition.ch\/de\/","name":"Elk Nutrition","description":"Benessere naturale, ogni giorno","publisher":{"@id":"https:\/\/elknutrition.ch\/de\/#organization"},"potentialAction":[{"@type":"SearchAction","target":{"@type":"EntryPoint","urlTemplate":"https:\/\/elknutrition.ch\/de\/?s={search_term_string}"},"query-input":{"@type":"PropertyValueSpecification","valueRequired":true,"valueName":"search_term_string"}}],"inLanguage":"de"},{"@type":"Organization","@id":"https:\/\/elknutrition.ch\/de\/#organization","name":"Elk Nutrition sagl","url":"https:\/\/elknutrition.ch\/de\/","logo":{"@type":"ImageObject","inLanguage":"de","@id":"https:\/\/elknutrition.ch\/de\/#\/schema\/logo\/image\/","url":"https:\/\/elknutrition.ch\/wp-content\/uploads\/2024\/09\/elk-nutrition-logo-c.png","contentUrl":"https:\/\/elknutrition.ch\/wp-content\/uploads\/2024\/09\/elk-nutrition-logo-c.png","width":600,"height":225,"caption":"Elk Nutrition sagl"},"image":{"@id":"https:\/\/elknutrition.ch\/de\/#\/schema\/logo\/image\/"}}]}},"_links":{"self":[{"href":"https:\/\/elknutrition.ch\/de\/wp-json\/wp\/v2\/product\/4018","targetHints":{"allow":["GET"]}}],"collection":[{"href":"https:\/\/elknutrition.ch\/de\/wp-json\/wp\/v2\/product"}],"about":[{"href":"https:\/\/elknutrition.ch\/de\/wp-json\/wp\/v2\/types\/product"}],"replies":[{"embeddable":true,"href":"https:\/\/elknutrition.ch\/de\/wp-json\/wp\/v2\/comments?post=4018"}],"wp:featuredmedia":[{"embeddable":true,"href":"https:\/\/elknutrition.ch\/de\/wp-json\/wp\/v2\/media\/4284"}],"wp:attachment":[{"href":"https:\/\/elknutrition.ch\/de\/wp-json\/wp\/v2\/media?parent=4018"}],"wp:term":[{"taxonomy":"product_brand","embeddable":true,"href":"https:\/\/elknutrition.ch\/de\/wp-json\/wp\/v2\/product_brand?post=4018"},{"taxonomy":"product_cat","embeddable":true,"href":"https:\/\/elknutrition.ch\/de\/wp-json\/wp\/v2\/product_cat?post=4018"},{"taxonomy":"product_tag","embeddable":true,"href":"https:\/\/elknutrition.ch\/de\/wp-json\/wp\/v2\/product_tag?post=4018"}],"curies":[{"name":"wp","href":"https:\/\/api.w.org\/{rel}","templated":true}]}}