{"id":3931,"date":"2024-08-26T11:15:10","date_gmt":"2024-08-26T11:15:10","guid":{"rendered":"https:\/\/elknutrition.ch\/product\/bromenase\/"},"modified":"2025-07-09T10:17:48","modified_gmt":"2025-07-09T10:17:48","slug":"bromenase","status":"publish","type":"product","link":"https:\/\/elknutrition.ch\/de\/prodotto\/bromenase\/","title":{"rendered":"Bromenase"},"content":{"rendered":"<p><strong>Bromenase &#8211; Nahrungserg\u00e4nzungsmittel auf Basis von Bromelain<\/strong><\/p>\n<p><strong>Bromenase<\/strong> ist ein <em>Bromelain-basiertes<\/em> Nahrungserg\u00e4nzungsmittel, das in Tablettenform entwickelt wurde, um die Assimilation und t\u00e4gliche Einnahme zu erleichtern. Dank seiner einzigartigen Eigenschaften kann unser Produkt eine hochwertige und wirksame Erg\u00e4nzung f\u00fcr Ihr t\u00e4gliches Wohlbefinden bieten. <\/p>\n<p><strong>Anwendung:<\/strong> Es wird empfohlen, t\u00e4glich eine Tablette einzunehmen, vorzugsweise au\u00dferhalb der Mahlzeiten, um eine optimale Aufnahme der Bestandteile zu f\u00f6rdern.<\/p>\n","protected":false},"excerpt":{"rendered":"<p>Bromenase ist ein Bromelain-basiertes Nahrungserg\u00e4nzungsmittel, das in Tablettenform entwickelt wurde, um die Assimilation und t\u00e4gliche Einnahme zu erleichtern. Dank seiner einzigartigen Eigenschaften kann unser Produkt eine hochwertige und wirksame Erg\u00e4nzung f\u00fcr Ihr t\u00e4gliches nat\u00fcrliches Wohlbefinden bieten. <\/p>\n","protected":false},"featured_media":3840,"comment_status":"open","ping_status":"closed","template":"","meta":[],"product_brand":[],"product_cat":[44],"product_tag":[],"class_list":{"0":"post-3931","1":"product","2":"type-product","3":"status-publish","4":"has-post-thumbnail","6":"product_cat-nahrungserganzungsmittel","8":"first","9":"instock","10":"shipping-taxable","11":"purchasable","12":"product-type-simple"},"yoast_head":"<!-- This site is optimized with the Yoast SEO plugin v27.4 - https:\/\/yoast.com\/product\/yoast-seo-wordpress\/ -->\n<title>Bromenase - Elk Nutrition<\/title>\n<meta name=\"robots\" content=\"index, follow, max-snippet:-1, max-image-preview:large, max-video-preview:-1\" \/>\n<link rel=\"canonical\" href=\"https:\/\/elknutrition.ch\/de\/prodotto\/bromenase\/\" \/>\n<meta property=\"og:locale\" content=\"de_DE\" \/>\n<meta property=\"og:type\" content=\"article\" \/>\n<meta property=\"og:title\" content=\"Bromenase - Elk Nutrition\" \/>\n<meta property=\"og:description\" content=\"Bromenase ist ein Bromelain-basiertes Nahrungserg\u00e4nzungsmittel, das in Tablettenform entwickelt wurde, um die Assimilation und t\u00e4gliche Einnahme zu erleichtern. Dank seiner einzigartigen Eigenschaften kann unser Produkt eine hochwertige und wirksame Erg\u00e4nzung f\u00fcr Ihr t\u00e4gliches nat\u00fcrliches Wohlbefinden bieten.\" \/>\n<meta property=\"og:url\" content=\"https:\/\/elknutrition.ch\/de\/prodotto\/bromenase\/\" \/>\n<meta property=\"og:site_name\" content=\"Elk Nutrition\" \/>\n<meta property=\"article:modified_time\" content=\"2025-07-09T10:17:48+00:00\" \/>\n<meta property=\"og:image\" content=\"https:\/\/elknutrition.ch\/wp-content\/uploads\/2024\/10\/elk-nutrition-bromenase.png\" \/>\n\t<meta property=\"og:image:width\" content=\"800\" \/>\n\t<meta property=\"og:image:height\" content=\"800\" \/>\n\t<meta property=\"og:image:type\" content=\"image\/png\" \/>\n<meta name=\"twitter:card\" content=\"summary_large_image\" \/>\n<meta name=\"twitter:label1\" content=\"Gesch\u00e4tzte Lesezeit\" \/>\n\t<meta name=\"twitter:data1\" content=\"1\u00a0Minute\" \/>\n<script type=\"application\/ld+json\" class=\"yoast-schema-graph\">{\"@context\":\"https:\\\/\\\/schema.org\",\"@graph\":[{\"@type\":\"WebPage\",\"@id\":\"https:\\\/\\\/elknutrition.ch\\\/de\\\/prodotto\\\/bromenase\\\/\",\"url\":\"https:\\\/\\\/elknutrition.ch\\\/de\\\/prodotto\\\/bromenase\\\/\",\"name\":\"Bromenase - Elk Nutrition\",\"isPartOf\":{\"@id\":\"https:\\\/\\\/elknutrition.ch\\\/de\\\/#website\"},\"primaryImageOfPage\":{\"@id\":\"https:\\\/\\\/elknutrition.ch\\\/de\\\/prodotto\\\/bromenase\\\/#primaryimage\"},\"image\":{\"@id\":\"https:\\\/\\\/elknutrition.ch\\\/de\\\/prodotto\\\/bromenase\\\/#primaryimage\"},\"thumbnailUrl\":\"https:\\\/\\\/elknutrition.ch\\\/wp-content\\\/uploads\\\/2024\\\/10\\\/elk-nutrition-bromenase.png\",\"datePublished\":\"2024-08-26T11:15:10+00:00\",\"dateModified\":\"2025-07-09T10:17:48+00:00\",\"breadcrumb\":{\"@id\":\"https:\\\/\\\/elknutrition.ch\\\/de\\\/prodotto\\\/bromenase\\\/#breadcrumb\"},\"inLanguage\":\"de\",\"potentialAction\":[{\"@type\":\"ReadAction\",\"target\":[\"https:\\\/\\\/elknutrition.ch\\\/de\\\/prodotto\\\/bromenase\\\/\"]}]},{\"@type\":\"ImageObject\",\"inLanguage\":\"de\",\"@id\":\"https:\\\/\\\/elknutrition.ch\\\/de\\\/prodotto\\\/bromenase\\\/#primaryimage\",\"url\":\"https:\\\/\\\/elknutrition.ch\\\/wp-content\\\/uploads\\\/2024\\\/10\\\/elk-nutrition-bromenase.png\",\"contentUrl\":\"https:\\\/\\\/elknutrition.ch\\\/wp-content\\\/uploads\\\/2024\\\/10\\\/elk-nutrition-bromenase.png\",\"width\":800,\"height\":800},{\"@type\":\"BreadcrumbList\",\"@id\":\"https:\\\/\\\/elknutrition.ch\\\/de\\\/prodotto\\\/bromenase\\\/#breadcrumb\",\"itemListElement\":[{\"@type\":\"ListItem\",\"position\":1,\"name\":\"Home\",\"item\":\"https:\\\/\\\/elknutrition.ch\\\/de\\\/elk-nutrition\\\/\"},{\"@type\":\"ListItem\",\"position\":2,\"name\":\"ELK Nutrition Produkte\",\"item\":\"https:\\\/\\\/elknutrition.ch\\\/de\\\/produkte\\\/\"},{\"@type\":\"ListItem\",\"position\":3,\"name\":\"Bromenase\"}]},{\"@type\":\"WebSite\",\"@id\":\"https:\\\/\\\/elknutrition.ch\\\/de\\\/#website\",\"url\":\"https:\\\/\\\/elknutrition.ch\\\/de\\\/\",\"name\":\"Elk Nutrition\",\"description\":\"Benessere naturale, ogni giorno\",\"publisher\":{\"@id\":\"https:\\\/\\\/elknutrition.ch\\\/de\\\/#organization\"},\"potentialAction\":[{\"@type\":\"SearchAction\",\"target\":{\"@type\":\"EntryPoint\",\"urlTemplate\":\"https:\\\/\\\/elknutrition.ch\\\/de\\\/?s={search_term_string}\"},\"query-input\":{\"@type\":\"PropertyValueSpecification\",\"valueRequired\":true,\"valueName\":\"search_term_string\"}}],\"inLanguage\":\"de\"},{\"@type\":\"Organization\",\"@id\":\"https:\\\/\\\/elknutrition.ch\\\/de\\\/#organization\",\"name\":\"Elk Nutrition sagl\",\"url\":\"https:\\\/\\\/elknutrition.ch\\\/de\\\/\",\"logo\":{\"@type\":\"ImageObject\",\"inLanguage\":\"de\",\"@id\":\"https:\\\/\\\/elknutrition.ch\\\/de\\\/#\\\/schema\\\/logo\\\/image\\\/\",\"url\":\"https:\\\/\\\/elknutrition.ch\\\/wp-content\\\/uploads\\\/2024\\\/09\\\/elk-nutrition-logo-c.png\",\"contentUrl\":\"https:\\\/\\\/elknutrition.ch\\\/wp-content\\\/uploads\\\/2024\\\/09\\\/elk-nutrition-logo-c.png\",\"width\":600,\"height\":225,\"caption\":\"Elk Nutrition sagl\"},\"image\":{\"@id\":\"https:\\\/\\\/elknutrition.ch\\\/de\\\/#\\\/schema\\\/logo\\\/image\\\/\"}}]}<\/script>\n<!-- \/ Yoast SEO plugin. -->","yoast_head_json":{"title":"Bromenase - Elk Nutrition","robots":{"index":"index","follow":"follow","max-snippet":"max-snippet:-1","max-image-preview":"max-image-preview:large","max-video-preview":"max-video-preview:-1"},"canonical":"https:\/\/elknutrition.ch\/de\/prodotto\/bromenase\/","og_locale":"de_DE","og_type":"article","og_title":"Bromenase - Elk Nutrition","og_description":"Bromenase ist ein Bromelain-basiertes Nahrungserg\u00e4nzungsmittel, das in Tablettenform entwickelt wurde, um die Assimilation und t\u00e4gliche Einnahme zu erleichtern. Dank seiner einzigartigen Eigenschaften kann unser Produkt eine hochwertige und wirksame Erg\u00e4nzung f\u00fcr Ihr t\u00e4gliches nat\u00fcrliches Wohlbefinden bieten.","og_url":"https:\/\/elknutrition.ch\/de\/prodotto\/bromenase\/","og_site_name":"Elk Nutrition","article_modified_time":"2025-07-09T10:17:48+00:00","og_image":[{"width":800,"height":800,"url":"https:\/\/elknutrition.ch\/wp-content\/uploads\/2024\/10\/elk-nutrition-bromenase.png","type":"image\/png"}],"twitter_card":"summary_large_image","twitter_misc":{"Gesch\u00e4tzte Lesezeit":"1\u00a0Minute"},"schema":{"@context":"https:\/\/schema.org","@graph":[{"@type":"WebPage","@id":"https:\/\/elknutrition.ch\/de\/prodotto\/bromenase\/","url":"https:\/\/elknutrition.ch\/de\/prodotto\/bromenase\/","name":"Bromenase - Elk Nutrition","isPartOf":{"@id":"https:\/\/elknutrition.ch\/de\/#website"},"primaryImageOfPage":{"@id":"https:\/\/elknutrition.ch\/de\/prodotto\/bromenase\/#primaryimage"},"image":{"@id":"https:\/\/elknutrition.ch\/de\/prodotto\/bromenase\/#primaryimage"},"thumbnailUrl":"https:\/\/elknutrition.ch\/wp-content\/uploads\/2024\/10\/elk-nutrition-bromenase.png","datePublished":"2024-08-26T11:15:10+00:00","dateModified":"2025-07-09T10:17:48+00:00","breadcrumb":{"@id":"https:\/\/elknutrition.ch\/de\/prodotto\/bromenase\/#breadcrumb"},"inLanguage":"de","potentialAction":[{"@type":"ReadAction","target":["https:\/\/elknutrition.ch\/de\/prodotto\/bromenase\/"]}]},{"@type":"ImageObject","inLanguage":"de","@id":"https:\/\/elknutrition.ch\/de\/prodotto\/bromenase\/#primaryimage","url":"https:\/\/elknutrition.ch\/wp-content\/uploads\/2024\/10\/elk-nutrition-bromenase.png","contentUrl":"https:\/\/elknutrition.ch\/wp-content\/uploads\/2024\/10\/elk-nutrition-bromenase.png","width":800,"height":800},{"@type":"BreadcrumbList","@id":"https:\/\/elknutrition.ch\/de\/prodotto\/bromenase\/#breadcrumb","itemListElement":[{"@type":"ListItem","position":1,"name":"Home","item":"https:\/\/elknutrition.ch\/de\/elk-nutrition\/"},{"@type":"ListItem","position":2,"name":"ELK Nutrition Produkte","item":"https:\/\/elknutrition.ch\/de\/produkte\/"},{"@type":"ListItem","position":3,"name":"Bromenase"}]},{"@type":"WebSite","@id":"https:\/\/elknutrition.ch\/de\/#website","url":"https:\/\/elknutrition.ch\/de\/","name":"Elk Nutrition","description":"Benessere naturale, ogni giorno","publisher":{"@id":"https:\/\/elknutrition.ch\/de\/#organization"},"potentialAction":[{"@type":"SearchAction","target":{"@type":"EntryPoint","urlTemplate":"https:\/\/elknutrition.ch\/de\/?s={search_term_string}"},"query-input":{"@type":"PropertyValueSpecification","valueRequired":true,"valueName":"search_term_string"}}],"inLanguage":"de"},{"@type":"Organization","@id":"https:\/\/elknutrition.ch\/de\/#organization","name":"Elk Nutrition sagl","url":"https:\/\/elknutrition.ch\/de\/","logo":{"@type":"ImageObject","inLanguage":"de","@id":"https:\/\/elknutrition.ch\/de\/#\/schema\/logo\/image\/","url":"https:\/\/elknutrition.ch\/wp-content\/uploads\/2024\/09\/elk-nutrition-logo-c.png","contentUrl":"https:\/\/elknutrition.ch\/wp-content\/uploads\/2024\/09\/elk-nutrition-logo-c.png","width":600,"height":225,"caption":"Elk Nutrition sagl"},"image":{"@id":"https:\/\/elknutrition.ch\/de\/#\/schema\/logo\/image\/"}}]}},"_links":{"self":[{"href":"https:\/\/elknutrition.ch\/de\/wp-json\/wp\/v2\/product\/3931","targetHints":{"allow":["GET"]}}],"collection":[{"href":"https:\/\/elknutrition.ch\/de\/wp-json\/wp\/v2\/product"}],"about":[{"href":"https:\/\/elknutrition.ch\/de\/wp-json\/wp\/v2\/types\/product"}],"replies":[{"embeddable":true,"href":"https:\/\/elknutrition.ch\/de\/wp-json\/wp\/v2\/comments?post=3931"}],"wp:featuredmedia":[{"embeddable":true,"href":"https:\/\/elknutrition.ch\/de\/wp-json\/wp\/v2\/media\/3840"}],"wp:attachment":[{"href":"https:\/\/elknutrition.ch\/de\/wp-json\/wp\/v2\/media?parent=3931"}],"wp:term":[{"taxonomy":"product_brand","embeddable":true,"href":"https:\/\/elknutrition.ch\/de\/wp-json\/wp\/v2\/product_brand?post=3931"},{"taxonomy":"product_cat","embeddable":true,"href":"https:\/\/elknutrition.ch\/de\/wp-json\/wp\/v2\/product_cat?post=3931"},{"taxonomy":"product_tag","embeddable":true,"href":"https:\/\/elknutrition.ch\/de\/wp-json\/wp\/v2\/product_tag?post=3931"}],"curies":[{"name":"wp","href":"https:\/\/api.w.org\/{rel}","templated":true}]}}