{"id":3930,"date":"2024-08-26T11:11:36","date_gmt":"2024-08-26T11:11:36","guid":{"rendered":"https:\/\/elknutrition.ch\/product\/bromenase-fito\/"},"modified":"2025-07-09T10:14:18","modified_gmt":"2025-07-09T10:14:18","slug":"bromenase-fito","status":"publish","type":"product","link":"https:\/\/elknutrition.ch\/de\/prodotto\/bromenase-fito\/","title":{"rendered":"Bromenase Fito"},"content":{"rendered":"<p><strong>Bromenase Fito &#8211; Nahrungserg\u00e4nzungsmittel auf Basis von Bromelain und Pflanzenextrakten<\/strong><\/p>\n<p><strong>Bromenase Fito<\/strong> ist ein Nahrungserg\u00e4nzungsmittel auf <em>Bromelain-Basis<\/em>, angereichert mit einer Auswahl an Pflanzenextrakten wie <em>Centella<\/em>, <em>Lespedeza<\/em>, <em>Orthosiphon<\/em> und <em>Pilosella<\/em>. <strong>Bromenase Fito<\/strong> wurde f\u00fcr diejenigen entwickelt, die ihre t\u00e4gliche Ern\u00e4hrung mit einem Naturprodukt bereichern m\u00f6chten, um von den einzigartigen Eigenschaften der Ananas und der Pflanzenextrakte in konzentrierter und leicht assimilierbarer Form zu profitieren.<\/p>\n<p>Unser Nahrungserg\u00e4nzungsmittel ist in praktischen, <strong>trinkbaren Stick-Packs<\/strong> erh\u00e4ltlich, ideal f\u00fcr alle, die eine fl\u00fcssige L\u00f6sung mit hoher Bioverf\u00fcgbarkeit bevorzugen. Das nat\u00fcrliche Ananas- und Apfelaroma macht die Einnahme angenehm und erleichtert die Integration in die t\u00e4gliche Routine. <\/p>\n<p><strong>Anwendung: <\/strong>Es wird empfohlen, <strong>1 Stick-Pack<\/strong> in einem Glas Wasser oder einer 500-ml-Wasserflasche zu verd\u00fcnnen und \u00fcber den Tag verteilt nach Bedarf zu konsumieren.<\/p>\n","protected":false},"excerpt":{"rendered":"<p>Bromenase Fito ist ein Nahrungserg\u00e4nzungsmittel auf der Basis von Bromelain und Pflanzenextrakten wie Centella, Lespedeza, Orthosiphon und Pilosella. Es ist in praktischen, trinkbaren Stick-Packs mit nat\u00fcrlichem Ananas- und Apfelaroma erh\u00e4ltlich, f\u00fcr Vegetarier und Veganer geeignet und frei von Gluten, Laktose, Milchprodukten, Hefe, Soja, Zucker, Salz, k\u00fcnstlichen Farb- und Aromastoffen. <\/p>\n","protected":false},"featured_media":4213,"comment_status":"open","ping_status":"closed","template":"","meta":[],"product_brand":[],"product_cat":[44],"product_tag":[],"class_list":{"0":"post-3930","1":"product","2":"type-product","3":"status-publish","4":"has-post-thumbnail","6":"product_cat-nahrungserganzungsmittel","8":"first","9":"instock","10":"shipping-taxable","11":"purchasable","12":"product-type-simple"},"yoast_head":"<!-- This site is optimized with the Yoast SEO plugin v27.4 - https:\/\/yoast.com\/product\/yoast-seo-wordpress\/ -->\n<title>Bromenase Fito - Elk Nutrition<\/title>\n<meta name=\"robots\" content=\"index, follow, max-snippet:-1, max-image-preview:large, max-video-preview:-1\" \/>\n<link rel=\"canonical\" href=\"https:\/\/elknutrition.ch\/de\/prodotto\/bromenase-fito\/\" \/>\n<meta property=\"og:locale\" content=\"de_DE\" \/>\n<meta property=\"og:type\" content=\"article\" \/>\n<meta property=\"og:title\" content=\"Bromenase Fito - Elk Nutrition\" \/>\n<meta property=\"og:description\" content=\"Bromenase Fito ist ein Nahrungserg\u00e4nzungsmittel auf der Basis von Bromelain und Pflanzenextrakten wie Centella, Lespedeza, Orthosiphon und Pilosella. Es ist in praktischen, trinkbaren Stick-Packs mit nat\u00fcrlichem Ananas- und Apfelaroma erh\u00e4ltlich, f\u00fcr Vegetarier und Veganer geeignet und frei von Gluten, Laktose, Milchprodukten, Hefe, Soja, Zucker, Salz, k\u00fcnstlichen Farb- und Aromastoffen.\" \/>\n<meta property=\"og:url\" content=\"https:\/\/elknutrition.ch\/de\/prodotto\/bromenase-fito\/\" \/>\n<meta property=\"og:site_name\" content=\"Elk Nutrition\" \/>\n<meta property=\"article:modified_time\" content=\"2025-07-09T10:14:18+00:00\" \/>\n<meta property=\"og:image\" content=\"https:\/\/elknutrition.ch\/wp-content\/uploads\/2026\/02\/ELK-Fito-mockup.webp\" \/>\n\t<meta property=\"og:image:width\" content=\"800\" \/>\n\t<meta property=\"og:image:height\" content=\"800\" \/>\n\t<meta property=\"og:image:type\" content=\"image\/webp\" \/>\n<meta name=\"twitter:card\" content=\"summary_large_image\" \/>\n<meta name=\"twitter:label1\" content=\"Gesch\u00e4tzte Lesezeit\" \/>\n\t<meta name=\"twitter:data1\" content=\"1\u00a0Minute\" \/>\n<script type=\"application\/ld+json\" class=\"yoast-schema-graph\">{\"@context\":\"https:\\\/\\\/schema.org\",\"@graph\":[{\"@type\":\"WebPage\",\"@id\":\"https:\\\/\\\/elknutrition.ch\\\/de\\\/prodotto\\\/bromenase-fito\\\/\",\"url\":\"https:\\\/\\\/elknutrition.ch\\\/de\\\/prodotto\\\/bromenase-fito\\\/\",\"name\":\"Bromenase Fito - Elk Nutrition\",\"isPartOf\":{\"@id\":\"https:\\\/\\\/elknutrition.ch\\\/de\\\/#website\"},\"primaryImageOfPage\":{\"@id\":\"https:\\\/\\\/elknutrition.ch\\\/de\\\/prodotto\\\/bromenase-fito\\\/#primaryimage\"},\"image\":{\"@id\":\"https:\\\/\\\/elknutrition.ch\\\/de\\\/prodotto\\\/bromenase-fito\\\/#primaryimage\"},\"thumbnailUrl\":\"https:\\\/\\\/elknutrition.ch\\\/wp-content\\\/uploads\\\/2026\\\/02\\\/ELK-Fito-mockup.webp\",\"datePublished\":\"2024-08-26T11:11:36+00:00\",\"dateModified\":\"2025-07-09T10:14:18+00:00\",\"breadcrumb\":{\"@id\":\"https:\\\/\\\/elknutrition.ch\\\/de\\\/prodotto\\\/bromenase-fito\\\/#breadcrumb\"},\"inLanguage\":\"de\",\"potentialAction\":[{\"@type\":\"ReadAction\",\"target\":[\"https:\\\/\\\/elknutrition.ch\\\/de\\\/prodotto\\\/bromenase-fito\\\/\"]}]},{\"@type\":\"ImageObject\",\"inLanguage\":\"de\",\"@id\":\"https:\\\/\\\/elknutrition.ch\\\/de\\\/prodotto\\\/bromenase-fito\\\/#primaryimage\",\"url\":\"https:\\\/\\\/elknutrition.ch\\\/wp-content\\\/uploads\\\/2026\\\/02\\\/ELK-Fito-mockup.webp\",\"contentUrl\":\"https:\\\/\\\/elknutrition.ch\\\/wp-content\\\/uploads\\\/2026\\\/02\\\/ELK-Fito-mockup.webp\",\"width\":800,\"height\":800},{\"@type\":\"BreadcrumbList\",\"@id\":\"https:\\\/\\\/elknutrition.ch\\\/de\\\/prodotto\\\/bromenase-fito\\\/#breadcrumb\",\"itemListElement\":[{\"@type\":\"ListItem\",\"position\":1,\"name\":\"Home\",\"item\":\"https:\\\/\\\/elknutrition.ch\\\/de\\\/elk-nutrition\\\/\"},{\"@type\":\"ListItem\",\"position\":2,\"name\":\"ELK Nutrition Produkte\",\"item\":\"https:\\\/\\\/elknutrition.ch\\\/de\\\/produkte\\\/\"},{\"@type\":\"ListItem\",\"position\":3,\"name\":\"Bromenase Fito\"}]},{\"@type\":\"WebSite\",\"@id\":\"https:\\\/\\\/elknutrition.ch\\\/de\\\/#website\",\"url\":\"https:\\\/\\\/elknutrition.ch\\\/de\\\/\",\"name\":\"Elk Nutrition\",\"description\":\"Benessere naturale, ogni giorno\",\"publisher\":{\"@id\":\"https:\\\/\\\/elknutrition.ch\\\/de\\\/#organization\"},\"potentialAction\":[{\"@type\":\"SearchAction\",\"target\":{\"@type\":\"EntryPoint\",\"urlTemplate\":\"https:\\\/\\\/elknutrition.ch\\\/de\\\/?s={search_term_string}\"},\"query-input\":{\"@type\":\"PropertyValueSpecification\",\"valueRequired\":true,\"valueName\":\"search_term_string\"}}],\"inLanguage\":\"de\"},{\"@type\":\"Organization\",\"@id\":\"https:\\\/\\\/elknutrition.ch\\\/de\\\/#organization\",\"name\":\"Elk Nutrition sagl\",\"url\":\"https:\\\/\\\/elknutrition.ch\\\/de\\\/\",\"logo\":{\"@type\":\"ImageObject\",\"inLanguage\":\"de\",\"@id\":\"https:\\\/\\\/elknutrition.ch\\\/de\\\/#\\\/schema\\\/logo\\\/image\\\/\",\"url\":\"https:\\\/\\\/elknutrition.ch\\\/wp-content\\\/uploads\\\/2024\\\/09\\\/elk-nutrition-logo-c.png\",\"contentUrl\":\"https:\\\/\\\/elknutrition.ch\\\/wp-content\\\/uploads\\\/2024\\\/09\\\/elk-nutrition-logo-c.png\",\"width\":600,\"height\":225,\"caption\":\"Elk Nutrition sagl\"},\"image\":{\"@id\":\"https:\\\/\\\/elknutrition.ch\\\/de\\\/#\\\/schema\\\/logo\\\/image\\\/\"}}]}<\/script>\n<!-- \/ Yoast SEO plugin. -->","yoast_head_json":{"title":"Bromenase Fito - Elk Nutrition","robots":{"index":"index","follow":"follow","max-snippet":"max-snippet:-1","max-image-preview":"max-image-preview:large","max-video-preview":"max-video-preview:-1"},"canonical":"https:\/\/elknutrition.ch\/de\/prodotto\/bromenase-fito\/","og_locale":"de_DE","og_type":"article","og_title":"Bromenase Fito - Elk Nutrition","og_description":"Bromenase Fito ist ein Nahrungserg\u00e4nzungsmittel auf der Basis von Bromelain und Pflanzenextrakten wie Centella, Lespedeza, Orthosiphon und Pilosella. Es ist in praktischen, trinkbaren Stick-Packs mit nat\u00fcrlichem Ananas- und Apfelaroma erh\u00e4ltlich, f\u00fcr Vegetarier und Veganer geeignet und frei von Gluten, Laktose, Milchprodukten, Hefe, Soja, Zucker, Salz, k\u00fcnstlichen Farb- und Aromastoffen.","og_url":"https:\/\/elknutrition.ch\/de\/prodotto\/bromenase-fito\/","og_site_name":"Elk Nutrition","article_modified_time":"2025-07-09T10:14:18+00:00","og_image":[{"width":800,"height":800,"url":"https:\/\/elknutrition.ch\/wp-content\/uploads\/2026\/02\/ELK-Fito-mockup.webp","type":"image\/webp"}],"twitter_card":"summary_large_image","twitter_misc":{"Gesch\u00e4tzte Lesezeit":"1\u00a0Minute"},"schema":{"@context":"https:\/\/schema.org","@graph":[{"@type":"WebPage","@id":"https:\/\/elknutrition.ch\/de\/prodotto\/bromenase-fito\/","url":"https:\/\/elknutrition.ch\/de\/prodotto\/bromenase-fito\/","name":"Bromenase Fito - Elk Nutrition","isPartOf":{"@id":"https:\/\/elknutrition.ch\/de\/#website"},"primaryImageOfPage":{"@id":"https:\/\/elknutrition.ch\/de\/prodotto\/bromenase-fito\/#primaryimage"},"image":{"@id":"https:\/\/elknutrition.ch\/de\/prodotto\/bromenase-fito\/#primaryimage"},"thumbnailUrl":"https:\/\/elknutrition.ch\/wp-content\/uploads\/2026\/02\/ELK-Fito-mockup.webp","datePublished":"2024-08-26T11:11:36+00:00","dateModified":"2025-07-09T10:14:18+00:00","breadcrumb":{"@id":"https:\/\/elknutrition.ch\/de\/prodotto\/bromenase-fito\/#breadcrumb"},"inLanguage":"de","potentialAction":[{"@type":"ReadAction","target":["https:\/\/elknutrition.ch\/de\/prodotto\/bromenase-fito\/"]}]},{"@type":"ImageObject","inLanguage":"de","@id":"https:\/\/elknutrition.ch\/de\/prodotto\/bromenase-fito\/#primaryimage","url":"https:\/\/elknutrition.ch\/wp-content\/uploads\/2026\/02\/ELK-Fito-mockup.webp","contentUrl":"https:\/\/elknutrition.ch\/wp-content\/uploads\/2026\/02\/ELK-Fito-mockup.webp","width":800,"height":800},{"@type":"BreadcrumbList","@id":"https:\/\/elknutrition.ch\/de\/prodotto\/bromenase-fito\/#breadcrumb","itemListElement":[{"@type":"ListItem","position":1,"name":"Home","item":"https:\/\/elknutrition.ch\/de\/elk-nutrition\/"},{"@type":"ListItem","position":2,"name":"ELK Nutrition Produkte","item":"https:\/\/elknutrition.ch\/de\/produkte\/"},{"@type":"ListItem","position":3,"name":"Bromenase Fito"}]},{"@type":"WebSite","@id":"https:\/\/elknutrition.ch\/de\/#website","url":"https:\/\/elknutrition.ch\/de\/","name":"Elk Nutrition","description":"Benessere naturale, ogni giorno","publisher":{"@id":"https:\/\/elknutrition.ch\/de\/#organization"},"potentialAction":[{"@type":"SearchAction","target":{"@type":"EntryPoint","urlTemplate":"https:\/\/elknutrition.ch\/de\/?s={search_term_string}"},"query-input":{"@type":"PropertyValueSpecification","valueRequired":true,"valueName":"search_term_string"}}],"inLanguage":"de"},{"@type":"Organization","@id":"https:\/\/elknutrition.ch\/de\/#organization","name":"Elk Nutrition sagl","url":"https:\/\/elknutrition.ch\/de\/","logo":{"@type":"ImageObject","inLanguage":"de","@id":"https:\/\/elknutrition.ch\/de\/#\/schema\/logo\/image\/","url":"https:\/\/elknutrition.ch\/wp-content\/uploads\/2024\/09\/elk-nutrition-logo-c.png","contentUrl":"https:\/\/elknutrition.ch\/wp-content\/uploads\/2024\/09\/elk-nutrition-logo-c.png","width":600,"height":225,"caption":"Elk Nutrition sagl"},"image":{"@id":"https:\/\/elknutrition.ch\/de\/#\/schema\/logo\/image\/"}}]}},"_links":{"self":[{"href":"https:\/\/elknutrition.ch\/de\/wp-json\/wp\/v2\/product\/3930","targetHints":{"allow":["GET"]}}],"collection":[{"href":"https:\/\/elknutrition.ch\/de\/wp-json\/wp\/v2\/product"}],"about":[{"href":"https:\/\/elknutrition.ch\/de\/wp-json\/wp\/v2\/types\/product"}],"replies":[{"embeddable":true,"href":"https:\/\/elknutrition.ch\/de\/wp-json\/wp\/v2\/comments?post=3930"}],"wp:featuredmedia":[{"embeddable":true,"href":"https:\/\/elknutrition.ch\/de\/wp-json\/wp\/v2\/media\/4213"}],"wp:attachment":[{"href":"https:\/\/elknutrition.ch\/de\/wp-json\/wp\/v2\/media?parent=3930"}],"wp:term":[{"taxonomy":"product_brand","embeddable":true,"href":"https:\/\/elknutrition.ch\/de\/wp-json\/wp\/v2\/product_brand?post=3930"},{"taxonomy":"product_cat","embeddable":true,"href":"https:\/\/elknutrition.ch\/de\/wp-json\/wp\/v2\/product_cat?post=3930"},{"taxonomy":"product_tag","embeddable":true,"href":"https:\/\/elknutrition.ch\/de\/wp-json\/wp\/v2\/product_tag?post=3930"}],"curies":[{"name":"wp","href":"https:\/\/api.w.org\/{rel}","templated":true}]}}