{"id":3906,"date":"2025-02-18T15:03:13","date_gmt":"2025-02-18T15:03:13","guid":{"rendered":"https:\/\/elknutrition.ch\/privacy-policy\/"},"modified":"2025-07-09T09:25:30","modified_gmt":"2025-07-09T09:25:30","slug":"privacy-policy","status":"publish","type":"page","link":"https:\/\/elknutrition.ch\/de\/privacy-policy\/","title":{"rendered":"Privacy Policy"},"content":{"rendered":"\t\t<div data-elementor-type=\"wp-page\" data-elementor-id=\"3906\" class=\"elementor elementor-3906 elementor-3491\" data-elementor-post-type=\"page\">\n\t\t\t\t<div class=\"elementor-element elementor-element-96b93ec e-flex e-con-boxed e-con e-parent\" data-id=\"96b93ec\" data-element_type=\"container\" data-e-type=\"container\">\n\t\t\t\t\t<div class=\"e-con-inner\">\n\t\t\t\t<div class=\"elementor-element elementor-element-e8914f9 elementor-widget elementor-widget-heading\" data-id=\"e8914f9\" data-element_type=\"widget\" data-e-type=\"widget\" data-widget_type=\"heading.default\">\n\t\t\t\t\t<h2 class=\"elementor-heading-title elementor-size-default\">ELK Nutrition sagl<\/h2>\t\t\t\t<\/div>\n\t\t\t\t<div class=\"elementor-element elementor-element-d11822d elementor-widget elementor-widget-heading\" data-id=\"d11822d\" data-element_type=\"widget\" data-e-type=\"widget\" data-widget_type=\"heading.default\">\n\t\t\t\t\t<h1 class=\"elementor-heading-title elementor-size-default\">Privacy Policy<\/h1>\t\t\t\t<\/div>\n\t\t\t\t\t<\/div>\n\t\t\t\t<\/div>\n\t\t<div class=\"elementor-element elementor-element-1e3e61e e-flex e-con-boxed e-con e-parent\" data-id=\"1e3e61e\" data-element_type=\"container\" data-e-type=\"container\">\n\t\t\t\t\t<div class=\"e-con-inner\">\n\t\t\t\t<div class=\"elementor-element elementor-element-c3e128b elementor-widget elementor-widget-html\" data-id=\"c3e128b\" data-element_type=\"widget\" data-e-type=\"widget\" data-widget_type=\"html.default\">\n\t\t\t\t\t<div>\n  <h2>Informazioni sul trattamento dei dati personali<\/h2>\n  <p> \n Nel rispetto di quanto previsto dalla Legge federale sulla protezione dei dati (LPD) le forniamo le dovute informazioni in ordine al trattamento dei dati personali forniti nel corso della navigazione sul sito internet del Titolare: <a href=\"https:\/\/elknutrition.ch\/de\/\">https:\/\/elknutrition.ch<\/a>.\n  <\/p>\n  <p>\n Le ricordiamo che le presenti informazioni non riguardano altri siti, pagine o servizi online raggiungibili tramite link ipertestuali eventualmente pubblicati nel sito; relativamente a queste la invitiamo, pertanto, a consultare le rispettive informative privacy e cookie.\n  <\/p>\n  <h2>Titolare del Trattamento dei Dati<\/h2>\n  <p>\n Il Titolare del trattamento dei Suoi dati personali \u00e8 ELK Nutrition Sagl, Via Generale E. Guisan 6, 6830 Chiasso, Svizzera, Tel. +41 091 682 80 22, E-mail: <a href=\"mailto:info@elknutrition.ch\">info@elknutrition.ch<\/a>.\n  <\/p>\n  <h2>Scopo del trattamento, motivo giustificativo, periodo di conservazione dei suoi dati personali<\/h2>\n  <h3>Aree di sito in cui sono reperibili i contatti<\/h3>\n  <p>\n Dati conferiti direttamente dall\u2019interessato attraverso i recapiti indicati nel footer o nelle pagine di navigazione. L'invio esplicito e volontario di messaggi agli indirizzi di contatto presenti sul sito, comportano l'acquisizione dei dati di contatto del mittente, nonch\u00e9 di tutti i dati personali inclusi nelle comunicazioni. <br> Tali dati vengono trattati per il seguente scopo e motivo giustificativo del trattamento.\n  <\/p>\n  <ul>\n    <li><strong>Scopo del trattamento:<\/strong> i suoi dati di contatto saranno utilizzati per ricontattarla e riscontrare alla sua richiesta. Il conferimento del dato \u00e8 necessario per evadere le richieste. <\/li>\n    <li><strong>Motivo giustificativo:<\/strong> interesse preponderante del Titolare e precisamente, trattamento di dati riguardanti l\u2019interessato in relazione diretta con la conclusione di un contratto, l\u2019esecuzione di misure precontrattuali e per evadere specifiche richieste degli Utenti.<\/li>\n    <li><strong>Tempo di conservazione:<\/strong> i dati raccolti sono trattati per il tempo necessario all\u2019espletamento dello scopo suddetto.<\/li>\n  <\/ul>\n  <h3>Dati di navigazione del sito web<\/h3>\n  <p>\n Il presente sito, per il suo corretto funzionamento, acquisisce durante la normale navigazione alcuni dati personali, tra cui gli indirizzi IP o i nomi a dominio dei computer utilizzati dagli utenti che si connettono al sito, gli indirizzi in notazione URI (Uniform Resource Identifier) delle risorse richieste, l'orario della richiesta, il metodo utilizzato nel sottoporre la richiesta al server, la dimensione del file ottenuto in risposta, il codice numerico indicante lo stato della risposta data dal server (buon fine, errore, ecc.) e altri parametri relativi al sistema operativo e all'ambiente informatico dell'utente. Il nostro sito raccoglie alcuni di questi dati e, in alcuni casi, anche attraverso i cookies (per maggiori informazioni si richiama la Cookie Policy) per i seguenti scopi: \n  <\/p>\n  <ul>\n    <li>\n      <strong>Scopi di sicurezza o adempimento di legge:<\/strong> in caso di accesso ai sistemi. Il dato potr\u00e0 essere comunicato alle autorit\u00e0 competenti, su ordine delle stesse, per motivi di sicurezza e per interesse pubblico. Il conferimento \u00e8 necessario.<br><strong>Motivo giustificativo:<\/strong> trattamento giustificato dalla legge.<br><strong>Tempo di conservazione:<\/strong> i dati raccolti sono trattati secondo quanto previsto dalla legge, e comunque per un periodo non superiore a quello dettato dalla normativa.  \n    <\/li>\n    <li>\n      <strong>Scopi funzionali:<\/strong> per rendere fruibile il sito web, abilitandone funzionalit\u00e0 di base perch\u00e9 il sito web non \u00e8 in grado di funzionare correttamente. Il conferimento \u00e8 strettamente necessario al funzionamento del sito e all\u2019erogazione del servizio di navigazione sulla piattaforma.<br><strong>Motivo giustificativo:<\/strong> Interesse preponderante del Titolare.<br><strong>Tempo di conservazione:<\/strong> fino alla durata della sessione di navigazione oppure secondo i termini di conservazione dei Cookie, sul punto rinvia alla Cookie Policy. \n    <\/li>\n    <li>\n      <strong>Scopi statistici:<\/strong> Il trattamento viene effettuato per scopi statistici per aiutare il Titolare a capire come i visitatori interagiscono con il sito raccogliendo e trasmettendo informazioni in forma anonima.<br><strong>Motivo giustificativo:<\/strong> Consenso dell\u2019Interessato esercitato tramite il banner dei cookie.<br><strong>Tempo di conservazione:<\/strong> secondo i termini di conservazione dei Cookie, sul punto rinvia alla relativa cookie policy.\n    <\/li>\n  <\/ul>\n  <h2>Categorie di destinatari dei dati personali<\/h2>\n  <p>\n Le seguenti categorie di soggetti possono venire a conoscenza dei Suoi dati: Titolare, soci, personale addetto al trattamento (in via esemplificativa si indicano: personale amministrativo, commerciale, amministratori di sistema,..) oltre che a soggetti nostri consulenti o fornitori, siti sia nella Confederazione Svizzera che extra Confederazione, in qualit\u00e0 di responsabili del trattamento (in via esemplificativa si indicano: hosting provider, societ\u00e0 informatiche, agenzie di comunicazione, banche..) nei limiti necessari per svolgere il loro incarico presso la nostra organizzazione, previa lettera di incarico e\/o stipula contratto che imponga il dovere di riservatezza e sicurezza.\n  <\/p>\n  <h2>Modalit\u00e0 del trattamento<\/h2>\n  <p>\n Il trattamento dei dati avviene mediante provvedimenti tecnici e organizzativi idonei a garantire che la sicurezza dei dati personali si adeguata al rischio. Il trattamento potr\u00e0 essere effettuato sia mediante supporti cartacei, sia attraverso l\u2019ausilio di mezzi informatici automatizzati, atti a memorizzare, gestire e trasmettere i dati stessi. \n  <\/p>\n  <p>\n Questo sito utilizza la criptografia SSL per ragioni di sicurezza e per proteggere la trasmissione di dati. \u00c8 possibile riconoscere una connessione sicura dalla barra degli indirizzi del Browser. Se la sicurezza SSL \u00e8 attiva, i dati che vengono trasmessi non possono essere letti da terze parti.  \n  <\/p>\n  <p>\n Per la protezione dello spam utilizziamo Google reCAPTCHA (<a href=\"https:\/\/business.safety.google\/privacy\/\" target=\"_blank\">Google Ireland Limited<\/a>), lo strumento permette di analizzare il traffico di questa allo scopo di filtrarlo da parti di traffico indesiderate, messaggi e contenuti riconosciuti come SPAM o proteggerlo da attivit\u00e0 di bot malevoli.\n  <\/p>\n  <h2>Comunicazione e diffusione<\/h2>\n  <p>\n I dati non verranno diffusi a soggetti indeterminati mediante la loro messa a disposizione o consultazione.<br> I dati potranno essere comunicati, per quanto di loro rispettiva e specifica competenza, ad Enti ed in generale ad ogni soggetto pubblico o privato rispetto al quale vi sia per noi obbligo (o facolt\u00e0 riconosciuta da norme di legge o di normativa secondaria o comunitaria) o necessit\u00e0 di comunicazione.\n  <\/p>\n  <p>\n Il Titolare del trattamento fa capo esclusivamente a fornitori di servizi certificati e sicuri che \n  <\/p>\n  <ul>\n    <li>sono stabiliti in Svizzera;<\/li>\n    <li>sono stabiliti nello SEE;<\/li>\n    <li>sono stabiliti extra SEE, in particolare in Israele attraverso la societ\u00e0 Elementor Ltd, paese in cui \u00e8 garantita un\u2019adeguata protezione dei dati secondo le leggi Svizzere. Negli Stati Uniti attraverso la societ\u00e0 Google LCC per gli strumenti di tracciamento dei cookie (si richiama la cookie policy), questo avviene solo previa verifica dell\u2019adozione delle garanzie di cui all\u2019art. 16 LPD e a terze parti idonee che hanno aderito al protocollo Data Privacy Framework attraverso la procedura di autocertificazione, pertanto il trasferimento \u00e8 autorizzato.  <\/li>\n  <\/ul>\n  <p>\n Sono pertanto escluse comunicazioni di dati personali verso fornitori che non tutelano i dati in maniera adeguata rispetto al diritto svizzero.<br>L\u2019interessato potr\u00e0 richiedere maggiori informazioni scrivendo al seguente indirizzo di posta elettronica: <a href=\"mailto:info@elknutrition.ch\">info@elknutrition.ch<\/a>.\n  <\/p>\n  <h2>Diritti degli interessati<\/h2>\n  <p>\n Gli artt. dal 25 al 32 della LPD Le conferiscono i seguenti diritti e pretese, entro i limiti del quadro legale prescritto: diritto di accesso per chiedere informazioni sul trattamento dei propri dati personali, pu\u00f2 chiederne l\u2019aggiornamento e la rettifica, la limitazione al trattamento e alla comunicazione a terzi, la cancellazione nonch\u00e9 pu\u00f2 chiedere che siano comunicati a terzi o pubblicati la rettifica, la cancellazione o la distruzione, il divieto di trattamento o di comunicazione a terzi, la menzione del carattere contestato o la sentenza.\n  <\/p>\n  <p>\n Precisiamo che la raccolta dei dati di navigazione del sito web, (limitatamente a quelli raccolti per rendere fruibile il sito web, abilitando le sole funzionalit\u00e0 di base per permettere al sito di funzionare correttamente) sono indispensabili per il funzionamento del sito stesso. Gli utenti non hanno pertanto alcun diritto di opposizione. \n  <\/p>\n  <p>\n Per esercitare i diritti e le pretese, con le modalit\u00e0 e i tempi prescritti dagli artt. da 16 a 22 della OPDa, La invitiamo a contattare direttamente il Titolare al seguente indirizzo di posta elettronica: <a href=\"mailto:info@elknutrition.ch\">info@elknutrition.ch<\/a>.\n  <\/p>\n  <p>\n Le chiediamo cortesemente di segnalare tempestivamente al Titolare del trattamento ogni eventuale variazione dei Suoi dati personali in modo da poter ottemperare all\u2019art. 6 della LPD che richiede che i dati raccolti siano esatti e, quindi, aggiornati. \n  <\/p>\n  <p><em>Privacy policy aggiornata al 07.05.2025.<\/em><\/p>\n<\/div>\n\t\t\t\t<\/div>\n\t\t\t\t\t<\/div>\n\t\t\t\t<\/div>\n\t\t\t\t<\/div>\n\t\t","protected":false},"excerpt":{"rendered":"<p>ELK Nutrition sagl Privacy Policy Informazioni sul trattamento dei dati personali Nel rispetto di quanto previsto dalla Legge federale sulla protezione dei dati (LPD) le forniamo le dovute informazioni in ordine al trattamento dei dati personali forniti nel corso della navigazione sul sito internet del Titolare: https:\/\/elknutrition.ch. Le ricordiamo che le presenti informazioni non riguardano [&hellip;]<\/p>\n","protected":false},"author":3,"featured_media":0,"parent":0,"menu_order":11,"comment_status":"closed","ping_status":"closed","template":"","meta":{"footnotes":""},"class_list":["post-3906","page","type-page","status-publish","hentry"],"yoast_head":"<!-- This site is optimized with the Yoast SEO plugin v27.4 - https:\/\/yoast.com\/product\/yoast-seo-wordpress\/ -->\n<title>Privacy Policy - Elk Nutrition<\/title>\n<meta name=\"robots\" content=\"index, follow, max-snippet:-1, max-image-preview:large, max-video-preview:-1\" \/>\n<link rel=\"canonical\" href=\"https:\/\/elknutrition.ch\/de\/privacy-policy\/\" \/>\n<meta property=\"og:locale\" content=\"de_DE\" \/>\n<meta property=\"og:type\" content=\"article\" \/>\n<meta property=\"og:title\" content=\"Privacy Policy - Elk Nutrition\" \/>\n<meta property=\"og:description\" content=\"ELK Nutrition sagl Privacy Policy Informazioni sul trattamento dei dati personali Nel rispetto di quanto previsto dalla Legge federale sulla protezione dei dati (LPD) le forniamo le dovute informazioni in ordine al trattamento dei dati personali forniti nel corso della navigazione sul sito internet del Titolare: https:\/\/elknutrition.ch. Le ricordiamo che le presenti informazioni non riguardano [&hellip;]\" \/>\n<meta property=\"og:url\" content=\"https:\/\/elknutrition.ch\/de\/privacy-policy\/\" \/>\n<meta property=\"og:site_name\" content=\"Elk Nutrition\" \/>\n<meta property=\"article:modified_time\" content=\"2025-07-09T09:25:30+00:00\" \/>\n<meta name=\"twitter:card\" content=\"summary_large_image\" \/>\n<meta name=\"twitter:label1\" content=\"Gesch\u00e4tzte Lesezeit\" \/>\n\t<meta name=\"twitter:data1\" content=\"6\u00a0Minuten\" \/>\n<script type=\"application\/ld+json\" class=\"yoast-schema-graph\">{\"@context\":\"https:\\\/\\\/schema.org\",\"@graph\":[{\"@type\":\"WebPage\",\"@id\":\"https:\\\/\\\/elknutrition.ch\\\/de\\\/privacy-policy\\\/\",\"url\":\"https:\\\/\\\/elknutrition.ch\\\/de\\\/privacy-policy\\\/\",\"name\":\"Privacy Policy - Elk Nutrition\",\"isPartOf\":{\"@id\":\"https:\\\/\\\/elknutrition.ch\\\/de\\\/#website\"},\"datePublished\":\"2025-02-18T15:03:13+00:00\",\"dateModified\":\"2025-07-09T09:25:30+00:00\",\"breadcrumb\":{\"@id\":\"https:\\\/\\\/elknutrition.ch\\\/de\\\/privacy-policy\\\/#breadcrumb\"},\"inLanguage\":\"de\",\"potentialAction\":[{\"@type\":\"ReadAction\",\"target\":[\"https:\\\/\\\/elknutrition.ch\\\/de\\\/privacy-policy\\\/\"]}]},{\"@type\":\"BreadcrumbList\",\"@id\":\"https:\\\/\\\/elknutrition.ch\\\/de\\\/privacy-policy\\\/#breadcrumb\",\"itemListElement\":[{\"@type\":\"ListItem\",\"position\":1,\"name\":\"Home\",\"item\":\"https:\\\/\\\/elknutrition.ch\\\/de\\\/elk-nutrition\\\/\"},{\"@type\":\"ListItem\",\"position\":2,\"name\":\"Privacy Policy\"}]},{\"@type\":\"WebSite\",\"@id\":\"https:\\\/\\\/elknutrition.ch\\\/de\\\/#website\",\"url\":\"https:\\\/\\\/elknutrition.ch\\\/de\\\/\",\"name\":\"Elk Nutrition\",\"description\":\"Benessere naturale, ogni giorno\",\"publisher\":{\"@id\":\"https:\\\/\\\/elknutrition.ch\\\/de\\\/#organization\"},\"potentialAction\":[{\"@type\":\"SearchAction\",\"target\":{\"@type\":\"EntryPoint\",\"urlTemplate\":\"https:\\\/\\\/elknutrition.ch\\\/de\\\/?s={search_term_string}\"},\"query-input\":{\"@type\":\"PropertyValueSpecification\",\"valueRequired\":true,\"valueName\":\"search_term_string\"}}],\"inLanguage\":\"de\"},{\"@type\":\"Organization\",\"@id\":\"https:\\\/\\\/elknutrition.ch\\\/de\\\/#organization\",\"name\":\"Elk Nutrition sagl\",\"url\":\"https:\\\/\\\/elknutrition.ch\\\/de\\\/\",\"logo\":{\"@type\":\"ImageObject\",\"inLanguage\":\"de\",\"@id\":\"https:\\\/\\\/elknutrition.ch\\\/de\\\/#\\\/schema\\\/logo\\\/image\\\/\",\"url\":\"https:\\\/\\\/elknutrition.ch\\\/wp-content\\\/uploads\\\/2024\\\/09\\\/elk-nutrition-logo-c.png\",\"contentUrl\":\"https:\\\/\\\/elknutrition.ch\\\/wp-content\\\/uploads\\\/2024\\\/09\\\/elk-nutrition-logo-c.png\",\"width\":600,\"height\":225,\"caption\":\"Elk Nutrition sagl\"},\"image\":{\"@id\":\"https:\\\/\\\/elknutrition.ch\\\/de\\\/#\\\/schema\\\/logo\\\/image\\\/\"}}]}<\/script>\n<!-- \/ Yoast SEO plugin. -->","yoast_head_json":{"title":"Privacy Policy - Elk Nutrition","robots":{"index":"index","follow":"follow","max-snippet":"max-snippet:-1","max-image-preview":"max-image-preview:large","max-video-preview":"max-video-preview:-1"},"canonical":"https:\/\/elknutrition.ch\/de\/privacy-policy\/","og_locale":"de_DE","og_type":"article","og_title":"Privacy Policy - Elk Nutrition","og_description":"ELK Nutrition sagl Privacy Policy Informazioni sul trattamento dei dati personali Nel rispetto di quanto previsto dalla Legge federale sulla protezione dei dati (LPD) le forniamo le dovute informazioni in ordine al trattamento dei dati personali forniti nel corso della navigazione sul sito internet del Titolare: https:\/\/elknutrition.ch. Le ricordiamo che le presenti informazioni non riguardano [&hellip;]","og_url":"https:\/\/elknutrition.ch\/de\/privacy-policy\/","og_site_name":"Elk Nutrition","article_modified_time":"2025-07-09T09:25:30+00:00","twitter_card":"summary_large_image","twitter_misc":{"Gesch\u00e4tzte Lesezeit":"6\u00a0Minuten"},"schema":{"@context":"https:\/\/schema.org","@graph":[{"@type":"WebPage","@id":"https:\/\/elknutrition.ch\/de\/privacy-policy\/","url":"https:\/\/elknutrition.ch\/de\/privacy-policy\/","name":"Privacy Policy - Elk Nutrition","isPartOf":{"@id":"https:\/\/elknutrition.ch\/de\/#website"},"datePublished":"2025-02-18T15:03:13+00:00","dateModified":"2025-07-09T09:25:30+00:00","breadcrumb":{"@id":"https:\/\/elknutrition.ch\/de\/privacy-policy\/#breadcrumb"},"inLanguage":"de","potentialAction":[{"@type":"ReadAction","target":["https:\/\/elknutrition.ch\/de\/privacy-policy\/"]}]},{"@type":"BreadcrumbList","@id":"https:\/\/elknutrition.ch\/de\/privacy-policy\/#breadcrumb","itemListElement":[{"@type":"ListItem","position":1,"name":"Home","item":"https:\/\/elknutrition.ch\/de\/elk-nutrition\/"},{"@type":"ListItem","position":2,"name":"Privacy Policy"}]},{"@type":"WebSite","@id":"https:\/\/elknutrition.ch\/de\/#website","url":"https:\/\/elknutrition.ch\/de\/","name":"Elk Nutrition","description":"Benessere naturale, ogni giorno","publisher":{"@id":"https:\/\/elknutrition.ch\/de\/#organization"},"potentialAction":[{"@type":"SearchAction","target":{"@type":"EntryPoint","urlTemplate":"https:\/\/elknutrition.ch\/de\/?s={search_term_string}"},"query-input":{"@type":"PropertyValueSpecification","valueRequired":true,"valueName":"search_term_string"}}],"inLanguage":"de"},{"@type":"Organization","@id":"https:\/\/elknutrition.ch\/de\/#organization","name":"Elk Nutrition sagl","url":"https:\/\/elknutrition.ch\/de\/","logo":{"@type":"ImageObject","inLanguage":"de","@id":"https:\/\/elknutrition.ch\/de\/#\/schema\/logo\/image\/","url":"https:\/\/elknutrition.ch\/wp-content\/uploads\/2024\/09\/elk-nutrition-logo-c.png","contentUrl":"https:\/\/elknutrition.ch\/wp-content\/uploads\/2024\/09\/elk-nutrition-logo-c.png","width":600,"height":225,"caption":"Elk Nutrition sagl"},"image":{"@id":"https:\/\/elknutrition.ch\/de\/#\/schema\/logo\/image\/"}}]}},"_links":{"self":[{"href":"https:\/\/elknutrition.ch\/de\/wp-json\/wp\/v2\/pages\/3906","targetHints":{"allow":["GET"]}}],"collection":[{"href":"https:\/\/elknutrition.ch\/de\/wp-json\/wp\/v2\/pages"}],"about":[{"href":"https:\/\/elknutrition.ch\/de\/wp-json\/wp\/v2\/types\/page"}],"author":[{"embeddable":true,"href":"https:\/\/elknutrition.ch\/de\/wp-json\/wp\/v2\/users\/3"}],"replies":[{"embeddable":true,"href":"https:\/\/elknutrition.ch\/de\/wp-json\/wp\/v2\/comments?post=3906"}],"version-history":[{"count":1,"href":"https:\/\/elknutrition.ch\/de\/wp-json\/wp\/v2\/pages\/3906\/revisions"}],"predecessor-version":[{"id":3907,"href":"https:\/\/elknutrition.ch\/de\/wp-json\/wp\/v2\/pages\/3906\/revisions\/3907"}],"wp:attachment":[{"href":"https:\/\/elknutrition.ch\/de\/wp-json\/wp\/v2\/media?parent=3906"}],"curies":[{"name":"wp","href":"https:\/\/api.w.org\/{rel}","templated":true}]}}