{"id":3899,"date":"2024-10-01T13:34:36","date_gmt":"2024-10-01T13:34:36","guid":{"rendered":"https:\/\/elknutrition.ch\/wo-du-uns-findest\/"},"modified":"2025-08-04T11:42:08","modified_gmt":"2025-08-04T11:42:08","slug":"wo-du-uns-findest","status":"publish","type":"page","link":"https:\/\/elknutrition.ch\/de\/wo-du-uns-findest\/","title":{"rendered":"Wo du uns findest"},"content":{"rendered":"\t\t<div data-elementor-type=\"wp-page\" data-elementor-id=\"3899\" class=\"elementor elementor-3899 elementor-1484\" data-elementor-post-type=\"page\">\n\t\t\t\t<div class=\"elementor-element elementor-element-4db0575 e-flex e-con-boxed e-con e-parent\" data-id=\"4db0575\" data-element_type=\"container\" data-e-type=\"container\" data-settings=\"{&quot;background_background&quot;:&quot;classic&quot;}\">\n\t\t\t\t\t<div class=\"e-con-inner\">\n\t\t\t\t<div class=\"elementor-element elementor-element-19cf9c9 elementor-widget__width-initial elementor-widget-mobile__width-inherit elementor-widget elementor-widget-heading\" data-id=\"19cf9c9\" data-element_type=\"widget\" data-e-type=\"widget\" data-widget_type=\"heading.default\">\n\t\t\t\t\t<h2 class=\"elementor-heading-title elementor-size-default\">Die Apotheke im Zentrum<\/h2>\t\t\t\t<\/div>\n\t\t\t\t<div class=\"elementor-element elementor-element-d6d3cf0 elementor-widget__width-initial elementor-widget-mobile__width-inherit elementor-widget elementor-widget-heading\" data-id=\"d6d3cf0\" data-element_type=\"widget\" data-e-type=\"widget\" data-widget_type=\"heading.default\">\n\t\t\t\t\t<h2 class=\"elementor-heading-title elementor-size-default\">Elk Nutrition legt Wert auf die Rolle des Apothekers in seiner Wertsch\u00f6pfungskette.<\/h2>\t\t\t\t<\/div>\n\t\t\t\t\t<\/div>\n\t\t\t\t<\/div>\n\t\t<div class=\"elementor-element elementor-element-8966234 e-flex e-con-boxed e-con e-parent\" data-id=\"8966234\" data-element_type=\"container\" data-e-type=\"container\" data-settings=\"{&quot;background_background&quot;:&quot;gradient&quot;}\">\n\t\t\t\t\t<div class=\"e-con-inner\">\n\t\t<div class=\"elementor-element elementor-element-f7c18f2 e-con-full e-flex e-con e-child\" data-id=\"f7c18f2\" data-element_type=\"container\" data-e-type=\"container\">\n\t\t\t\t<div class=\"elementor-element elementor-element-62ff9a3 elementor-widget-mobile__width-inherit elementor-widget elementor-widget-text-editor\" data-id=\"62ff9a3\" data-element_type=\"widget\" data-e-type=\"widget\" data-widget_type=\"text-editor.default\">\n\t\t\t\t\t\t\t\t\t<p>Informieren und Beraten<\/p>\t\t\t\t\t\t\t\t<\/div>\n\t\t\t\t<div class=\"elementor-element elementor-element-e9f310f elementor-widget-mobile__width-inherit elementor-widget elementor-widget-text-editor\" data-id=\"e9f310f\" data-element_type=\"widget\" data-e-type=\"widget\" data-widget_type=\"text-editor.default\">\n\t\t\t\t\t\t\t\t\t<p>Vertrieb \u00fcber ausgew\u00e4hlte Apotheken<\/p>\t\t\t\t\t\t\t\t<\/div>\n\t\t\t\t<\/div>\n\t\t<div class=\"elementor-element elementor-element-b462347 e-con-full e-flex e-con e-child\" data-id=\"b462347\" data-element_type=\"container\" data-e-type=\"container\">\n\t\t\t\t<div class=\"elementor-element elementor-element-45ada03 elementor-widget-mobile__width-inherit elementor-widget elementor-widget-text-editor\" data-id=\"45ada03\" data-element_type=\"widget\" data-e-type=\"widget\" data-widget_type=\"text-editor.default\">\n\t\t\t\t\t\t\t\t\t<p>Apotheker sind unsere wichtigsten Partner, wenn es um den Vertrieb unserer Produkte geht \u2013 und nicht nur darum. Sie werden bereit sein, Ihnen unsere Produkte zu empfehlen und Sie \u00fcber deren jeweilige positive Wirkungen und Anwendungsm\u00f6glichkeiten zu informieren.&nbsp;<\/p>\t\t\t\t\t\t\t\t<\/div>\n\t\t\t\t<\/div>\n\t\t\t\t\t<\/div>\n\t\t\t\t<\/div>\n\t\t<div class=\"elementor-element elementor-element-5b496e3 e-flex e-con-boxed e-con e-parent\" data-id=\"5b496e3\" data-element_type=\"container\" data-e-type=\"container\">\n\t\t\t\t\t<div class=\"e-con-inner\">\n\t\t<div class=\"elementor-element elementor-element-5224967 e-con-full elementor-hidden-tablet elementor-hidden-mobile e-flex e-con e-child\" data-id=\"5224967\" data-element_type=\"container\" data-e-type=\"container\">\n\t\t\t\t<div class=\"elementor-element elementor-element-b640e87 elementor-widget elementor-widget-image\" data-id=\"b640e87\" data-element_type=\"widget\" data-e-type=\"widget\" data-widget_type=\"image.default\">\n\t\t\t\t\t\t\t\t\t\t\t\t\t\t\t<img fetchpriority=\"high\" decoding=\"async\" width=\"800\" height=\"800\" src=\"https:\/\/elknutrition.ch\/wp-content\/uploads\/2025\/04\/elkie-scienziato-3d.webp\" class=\"attachment-large size-large wp-image-3874\" alt=\"\" srcset=\"https:\/\/elknutrition.ch\/wp-content\/uploads\/2025\/04\/elkie-scienziato-3d.webp 1024w, https:\/\/elknutrition.ch\/wp-content\/uploads\/2025\/04\/elkie-scienziato-3d-300x300.webp 300w, https:\/\/elknutrition.ch\/wp-content\/uploads\/2025\/04\/elkie-scienziato-3d-150x150.webp 150w, https:\/\/elknutrition.ch\/wp-content\/uploads\/2025\/04\/elkie-scienziato-3d-768x768.webp 768w, https:\/\/elknutrition.ch\/wp-content\/uploads\/2025\/04\/elkie-scienziato-3d-600x600.webp 600w, https:\/\/elknutrition.ch\/wp-content\/uploads\/2025\/04\/elkie-scienziato-3d-100x100.webp 100w\" sizes=\"(max-width: 800px) 100vw, 800px\" \/>\t\t\t\t\t\t\t\t\t\t\t\t\t\t\t<\/div>\n\t\t\t\t<\/div>\n\t\t<div class=\"elementor-element elementor-element-1898de7 e-con-full e-flex e-con e-child\" data-id=\"1898de7\" data-element_type=\"container\" data-e-type=\"container\" data-settings=\"{&quot;background_background&quot;:&quot;classic&quot;}\">\n\t\t<div class=\"elementor-element elementor-element-d0f484b e-con-full e-flex e-con e-child\" data-id=\"d0f484b\" data-element_type=\"container\" data-e-type=\"container\" data-settings=\"{&quot;background_background&quot;:&quot;classic&quot;}\">\n\t\t\t\t<div class=\"elementor-element elementor-element-f0eb3b8 elementor-widget-tablet__width-inherit elementor-widget elementor-widget-heading\" data-id=\"f0eb3b8\" data-element_type=\"widget\" data-e-type=\"widget\" data-widget_type=\"heading.default\">\n\t\t\t\t\t<h2 class=\"elementor-heading-title elementor-size-default\">Ausbildung f\u00fcr Apotheker und \u00c4rzte<\/h2>\t\t\t\t<\/div>\n\t\t\t\t<div class=\"elementor-element elementor-element-74e2a6e elementor-widget__width-initial elementor-hidden-mobile elementor-view-default elementor-widget elementor-widget-icon\" data-id=\"74e2a6e\" data-element_type=\"widget\" data-e-type=\"widget\" data-widget_type=\"icon.default\">\n\t\t\t\t\t\t\t<div class=\"elementor-icon-wrapper\">\n\t\t\t<div class=\"elementor-icon\">\n\t\t\t<svg xmlns=\"http:\/\/www.w3.org\/2000\/svg\" id=\"uuid-ae113edd-4945-4fbe-80ef-aa83f41ca9ed\" data-name=\"Livello_2\" viewBox=\"0 0 116.63 116.62\"><defs><style>      .uuid-788a7981-b5fb-4b1d-a25f-bf5e25e38367 {        fill: #2e7cc0;      }    <\/style><\/defs><g id=\"uuid-b77c5000-6c13-4d40-a28e-c9a7e30756b0\" data-name=\"Livello_1\"><g><path class=\"uuid-788a7981-b5fb-4b1d-a25f-bf5e25e38367\" d=\"M70.41,42.85c3.68-.99,6.08-4.56,5.63-8.34-.42-3.5-3.6-6.6-7.02-6.61-12.04-.05-24.08-.02-36.11-.02-.96,0-1.68.41-2.13,1.29-1.6,3.17-3.2,6.33-4.81,9.49-.17.33-.36.65-.61,1.09-.25-.46-.44-.78-.6-1.11-1.51-3.02-3.02-6.03-4.52-9.06-.45-.9-1.07-1.68-2.12-1.68-2.28,0-4.6-.1-6.84.24C5.24,29.08.09,34.94.05,40.93c-.08,10.91-.04,21.82-.01,32.73,0,3.43,2.49,6.53,5.86,7.21,1.35.27,2.81.04,4.27.04v1.06c0,8.69-.02,17.39.01,26.08.02,5.31,5.33,9.58,10.49,8.35,1.68-.4,3.23-1.37,4.7-2.01,1.43.63,2.89,1.52,4.47,1.93,5.32,1.38,10.72-2.84,10.73-8.34.03-12.95.01-25.9.02-38.86,0-8.62,0-17.25,0-26.06,1.4,0,2.69,0,3.98,0,8.02,0,16.05.02,24.07,0,.59,0,1.2-.07,1.77-.23ZM63.57,38.02c-8.45,0-16.9,0-25.35-.01-1.69,0-2.71,1.04-2.71,2.79,0,11.12,0,22.25,0,33.37,0,11.02,0,22.04,0,33.06,0,2.17-.98,3.62-2.76,4.12-2.44.68-4.79-1.02-4.84-3.55-.04-2.18,0-4.37,0-6.55,0-6.62,0-13.24,0-19.85,0-1.76-.98-2.92-2.49-2.91-1.58.01-2.61,1.33-2.6,2.95.06,8.69.02,17.39.04,26.09,0,1.64-.68,2.85-2.13,3.59-1.42.72-2.81.53-4.06-.43-1.1-.84-1.41-2.05-1.41-3.37,0-4.33-.02-8.66-.02-12.99,0-15.28,0-30.56,0-45.84,0-1.63-.73-2.64-2.06-2.86-1.71-.28-3,.84-3,2.65,0,8.24,0,16.48,0,24.71,0,1.21-.3,2.25-1.48,2.8-1.52.72-3.21-.18-3.55-1.87-.06-.31-.05-.63-.05-.95,0-10.24-.01-20.49,0-30.73,0-4.46,2.51-7.9,6.61-8.91,1.28-.32,2.64-.3,3.97-.33.28,0,.67.42.83.73,2.12,4.17,4.21,8.34,6.28,12.53.55,1.12,1.24,1.95,2.61,1.94,1.32-.02,1.99-.83,2.52-1.91,2.11-4.29,4.23-8.57,6.4-12.83.14-.27.65-.48.98-.48,3.91-.03,7.82-.02,11.72-.02,7.04,0,14.08,0,21.12,0,2.1,0,3.37,1.74,2.6,3.52-.47,1.1-1.39,1.53-2.54,1.54-1.55.01-3.1,0-4.65,0Z\"><\/path><path class=\"uuid-788a7981-b5fb-4b1d-a25f-bf5e25e38367\" d=\"M116.62,7.77c0-1.67-1.04-2.69-2.69-2.7-.81,0-1.62-.01-2.43,0-12.43,0-24.85,0-37.28,0-.2,0-.4-.02-.72-.04V.08h-5.09v5.01h-25.22v5.08h68.3v65.91H45.71v5.05h21.44c-4.67,9.35-9.26,18.54-13.92,27.86,1.5,0,2.84-.05,4.16.02.76.04,1.1-.27,1.42-.91,3.83-7.71,7.69-15.41,11.54-23.11.18-.36.38-.71.64-1.2.26.47.45.8.61,1.13,3.87,7.73,7.73,15.47,11.62,23.19.18.35.57.82.88.84,1.49.09,3,.04,4.66.04-4.67-9.35-9.27-18.55-13.94-27.89,2.84,0,5.44,0,8.04,0,10.39,0,20.77.01,31.16,0,1.54,0,2.56-1.04,2.6-2.58,0-.32,0-.63,0-.95,0-16.9,0-33.79,0-50.69,0-6.37,0-12.74,0-19.12Z\"><\/path><path class=\"uuid-788a7981-b5fb-4b1d-a25f-bf5e25e38367\" d=\"M25.39,25.36c6.94-.01,12.64-5.69,12.65-12.59C38.05,5.73,32.43.01,25.49,0c-7.08-.01-12.8,5.63-12.81,12.63-.01,7.03,5.69,12.74,12.72,12.73ZM25.73,5.1c3.98.15,7.17,3.23,7.22,7.6.05,4.16-3.46,7.59-7.61,7.57-4.2-.02-7.57-3.48-7.55-7.75.02-4.18,3.51-7.58,7.94-7.42Z\"><\/path><\/g><\/g><\/svg>\t\t\t<\/div>\n\t\t<\/div>\n\t\t\t\t\t\t<\/div>\n\t\t\t\t<div class=\"elementor-element elementor-element-c183962 elementor-widget__width-initial elementor-widget-mobile__width-inherit elementor-widget elementor-widget-text-editor\" data-id=\"c183962\" data-element_type=\"widget\" data-e-type=\"widget\" data-widget_type=\"text-editor.default\">\n\t\t\t\t\t\t\t\t\t<p><span style=\"font-size: 17.6px;\">Dank unserer Mitarbeiter erhalten ausgew\u00e4hlte Apotheker und \u00c4rzte kontinuierliche Schulungen und Updates zu unseren Produkten. Auf diese Weise sind sie immer bereit, Ihnen die beste L\u00f6sung f\u00fcr Ihr t\u00e4gliches nat\u00fcrliches Wohlbefinden zu empfehlen. <\/span><\/p>\t\t\t\t\t\t\t\t<\/div>\n\t\t\t\t<\/div>\n\t\t\t\t<\/div>\n\t\t\t\t\t<\/div>\n\t\t\t\t<\/div>\n\t\t<div class=\"elementor-element elementor-element-901eb17 e-flex e-con-boxed e-con e-parent\" data-id=\"901eb17\" data-element_type=\"container\" data-e-type=\"container\">\n\t\t\t\t\t<div class=\"e-con-inner\">\n\t\t<div class=\"elementor-element elementor-element-83fca2c e-con-full e-flex e-con e-child\" data-id=\"83fca2c\" data-element_type=\"container\" data-e-type=\"container\" data-settings=\"{&quot;background_background&quot;:&quot;classic&quot;}\">\n\t\t\t\t<div class=\"elementor-element elementor-element-3460a8d elementor-widget elementor-widget-heading\" data-id=\"3460a8d\" data-element_type=\"widget\" data-e-type=\"widget\" data-widget_type=\"heading.default\">\n\t\t\t\t\t<h2 class=\"elementor-heading-title elementor-size-default\">Suchen Sie die n\u00e4chstgelegene Apotheke<\/h2>\t\t\t\t<\/div>\n\t\t\t\t<div class=\"elementor-element elementor-element-7855b17 elementor-widget__width-initial elementor-widget elementor-widget-text-editor\" data-id=\"7855b17\" data-element_type=\"widget\" data-e-type=\"widget\" data-widget_type=\"text-editor.default\">\n\t\t\t\t\t\t\t\t\t<p>Wo finden Sie unsere Produkte? Nichts bequemer: in Ihrer Lieblingsapotheke! Suchen Sie auf unserer Karte und wenden Sie sich vertrauensvoll an das Personal. In jeder Apotheke, die unsere Produkte vertreibt, gibt es immer einen Apotheker, der speziell geschult ist, um Sie zu unseren Produkten zu beraten.<\/p>\t\t\t\t\t\t\t\t<\/div>\n\t\t<div class=\"elementor-element elementor-element-4cdc851 e-con-full e-flex e-con e-child\" data-id=\"4cdc851\" data-element_type=\"container\" data-e-type=\"container\">\n\t\t\t\t<div class=\"elementor-element elementor-element-0b1322a elementor-widget elementor-widget-html\" data-id=\"0b1322a\" data-element_type=\"widget\" data-e-type=\"widget\" data-widget_type=\"html.default\">\n\t\t\t\t\t<iframe style=\"border-radius:15px;padding:0px 30px;\" height=\"600px\" src=\"https:\/\/elknutrition.ch\/mappa-latlong.html\" title=\"W3Schools Free Online Web Tutorials\"><\/iframe>\n\t\t\t\t<\/div>\n\t\t\t\t<\/div>\n\t\t\t\t<\/div>\n\t\t\t\t\t<\/div>\n\t\t\t\t<\/div>\n\t\t\t\t<\/div>\n\t\t","protected":false},"excerpt":{"rendered":"<p>Die Apotheke im Zentrum Elk Nutrition legt Wert auf die Rolle des Apothekers in seiner Wertsch\u00f6pfungskette. Informieren und Beraten Vertrieb \u00fcber ausgew\u00e4hlte Apotheken Apotheker sind unsere wichtigsten Partner, wenn es um den Vertrieb unserer Produkte geht \u2013 und nicht nur darum. Sie werden bereit sein, Ihnen unsere Produkte zu empfehlen und Sie \u00fcber deren jeweilige [&hellip;]<\/p>\n","protected":false},"author":3,"featured_media":3854,"parent":0,"menu_order":7,"comment_status":"closed","ping_status":"closed","template":"","meta":{"footnotes":""},"class_list":["post-3899","page","type-page","status-publish","has-post-thumbnail","hentry"],"yoast_head":"<!-- This site is optimized with the Yoast SEO plugin v27.4 - https:\/\/yoast.com\/product\/yoast-seo-wordpress\/ -->\n<title>Wo du uns findest - Elk Nutrition<\/title>\n<meta name=\"description\" content=\"Vertrauensw\u00fcrdige Apotheker als Partner, um unsere Naturprodukte zu vertreiben und zu empfehlen, indem sie Sie \u00fcber Vorteile und Anwendung informieren.\" \/>\n<meta name=\"robots\" content=\"index, follow, max-snippet:-1, max-image-preview:large, max-video-preview:-1\" \/>\n<link rel=\"canonical\" href=\"https:\/\/elknutrition.ch\/de\/wo-du-uns-findest\/\" \/>\n<meta property=\"og:locale\" content=\"de_DE\" \/>\n<meta property=\"og:type\" content=\"article\" \/>\n<meta property=\"og:title\" content=\"Wo du uns findest - Elk Nutrition\" \/>\n<meta property=\"og:description\" content=\"Vertrauensw\u00fcrdige Apotheker als Partner, um unsere Naturprodukte zu vertreiben und zu empfehlen, indem sie Sie \u00fcber Vorteile und Anwendung informieren.\" \/>\n<meta property=\"og:url\" content=\"https:\/\/elknutrition.ch\/de\/wo-du-uns-findest\/\" \/>\n<meta property=\"og:site_name\" content=\"Elk Nutrition\" \/>\n<meta property=\"article:modified_time\" content=\"2025-08-04T11:42:08+00:00\" \/>\n<meta property=\"og:image\" content=\"https:\/\/elknutrition.ch\/wp-content\/uploads\/2024\/10\/Candid-Image-Photography-1.webp\" \/>\n\t<meta property=\"og:image:width\" content=\"2048\" \/>\n\t<meta property=\"og:image:height\" content=\"1592\" \/>\n\t<meta property=\"og:image:type\" content=\"image\/webp\" \/>\n<meta name=\"twitter:card\" content=\"summary_large_image\" \/>\n<meta name=\"twitter:label1\" content=\"Gesch\u00e4tzte Lesezeit\" \/>\n\t<meta name=\"twitter:data1\" content=\"1\u00a0Minute\" \/>\n<script type=\"application\/ld+json\" class=\"yoast-schema-graph\">{\"@context\":\"https:\\\/\\\/schema.org\",\"@graph\":[{\"@type\":\"WebPage\",\"@id\":\"https:\\\/\\\/elknutrition.ch\\\/de\\\/wo-du-uns-findest\\\/\",\"url\":\"https:\\\/\\\/elknutrition.ch\\\/de\\\/wo-du-uns-findest\\\/\",\"name\":\"Wo du uns findest - Elk Nutrition\",\"isPartOf\":{\"@id\":\"https:\\\/\\\/elknutrition.ch\\\/de\\\/#website\"},\"primaryImageOfPage\":{\"@id\":\"https:\\\/\\\/elknutrition.ch\\\/de\\\/wo-du-uns-findest\\\/#primaryimage\"},\"image\":{\"@id\":\"https:\\\/\\\/elknutrition.ch\\\/de\\\/wo-du-uns-findest\\\/#primaryimage\"},\"thumbnailUrl\":\"https:\\\/\\\/elknutrition.ch\\\/wp-content\\\/uploads\\\/2024\\\/10\\\/Candid-Image-Photography-1.webp\",\"datePublished\":\"2024-10-01T13:34:36+00:00\",\"dateModified\":\"2025-08-04T11:42:08+00:00\",\"description\":\"Vertrauensw\u00fcrdige Apotheker als Partner, um unsere Naturprodukte zu vertreiben und zu empfehlen, indem sie Sie \u00fcber Vorteile und Anwendung informieren.\",\"breadcrumb\":{\"@id\":\"https:\\\/\\\/elknutrition.ch\\\/de\\\/wo-du-uns-findest\\\/#breadcrumb\"},\"inLanguage\":\"de\",\"potentialAction\":[{\"@type\":\"ReadAction\",\"target\":[\"https:\\\/\\\/elknutrition.ch\\\/de\\\/wo-du-uns-findest\\\/\"]}]},{\"@type\":\"ImageObject\",\"inLanguage\":\"de\",\"@id\":\"https:\\\/\\\/elknutrition.ch\\\/de\\\/wo-du-uns-findest\\\/#primaryimage\",\"url\":\"https:\\\/\\\/elknutrition.ch\\\/wp-content\\\/uploads\\\/2024\\\/10\\\/Candid-Image-Photography-1.webp\",\"contentUrl\":\"https:\\\/\\\/elknutrition.ch\\\/wp-content\\\/uploads\\\/2024\\\/10\\\/Candid-Image-Photography-1.webp\",\"width\":2048,\"height\":1592},{\"@type\":\"BreadcrumbList\",\"@id\":\"https:\\\/\\\/elknutrition.ch\\\/de\\\/wo-du-uns-findest\\\/#breadcrumb\",\"itemListElement\":[{\"@type\":\"ListItem\",\"position\":1,\"name\":\"Home\",\"item\":\"https:\\\/\\\/elknutrition.ch\\\/de\\\/elk-nutrition\\\/\"},{\"@type\":\"ListItem\",\"position\":2,\"name\":\"Wo du uns findest\"}]},{\"@type\":\"WebSite\",\"@id\":\"https:\\\/\\\/elknutrition.ch\\\/de\\\/#website\",\"url\":\"https:\\\/\\\/elknutrition.ch\\\/de\\\/\",\"name\":\"Elk Nutrition\",\"description\":\"Benessere naturale, ogni giorno\",\"publisher\":{\"@id\":\"https:\\\/\\\/elknutrition.ch\\\/de\\\/#organization\"},\"potentialAction\":[{\"@type\":\"SearchAction\",\"target\":{\"@type\":\"EntryPoint\",\"urlTemplate\":\"https:\\\/\\\/elknutrition.ch\\\/de\\\/?s={search_term_string}\"},\"query-input\":{\"@type\":\"PropertyValueSpecification\",\"valueRequired\":true,\"valueName\":\"search_term_string\"}}],\"inLanguage\":\"de\"},{\"@type\":\"Organization\",\"@id\":\"https:\\\/\\\/elknutrition.ch\\\/de\\\/#organization\",\"name\":\"Elk Nutrition sagl\",\"url\":\"https:\\\/\\\/elknutrition.ch\\\/de\\\/\",\"logo\":{\"@type\":\"ImageObject\",\"inLanguage\":\"de\",\"@id\":\"https:\\\/\\\/elknutrition.ch\\\/de\\\/#\\\/schema\\\/logo\\\/image\\\/\",\"url\":\"https:\\\/\\\/elknutrition.ch\\\/wp-content\\\/uploads\\\/2024\\\/09\\\/elk-nutrition-logo-c.png\",\"contentUrl\":\"https:\\\/\\\/elknutrition.ch\\\/wp-content\\\/uploads\\\/2024\\\/09\\\/elk-nutrition-logo-c.png\",\"width\":600,\"height\":225,\"caption\":\"Elk Nutrition sagl\"},\"image\":{\"@id\":\"https:\\\/\\\/elknutrition.ch\\\/de\\\/#\\\/schema\\\/logo\\\/image\\\/\"}}]}<\/script>\n<!-- \/ Yoast SEO plugin. -->","yoast_head_json":{"title":"Wo du uns findest - Elk Nutrition","description":"Vertrauensw\u00fcrdige Apotheker als Partner, um unsere Naturprodukte zu vertreiben und zu empfehlen, indem sie Sie \u00fcber Vorteile und Anwendung informieren.","robots":{"index":"index","follow":"follow","max-snippet":"max-snippet:-1","max-image-preview":"max-image-preview:large","max-video-preview":"max-video-preview:-1"},"canonical":"https:\/\/elknutrition.ch\/de\/wo-du-uns-findest\/","og_locale":"de_DE","og_type":"article","og_title":"Wo du uns findest - Elk Nutrition","og_description":"Vertrauensw\u00fcrdige Apotheker als Partner, um unsere Naturprodukte zu vertreiben und zu empfehlen, indem sie Sie \u00fcber Vorteile und Anwendung informieren.","og_url":"https:\/\/elknutrition.ch\/de\/wo-du-uns-findest\/","og_site_name":"Elk Nutrition","article_modified_time":"2025-08-04T11:42:08+00:00","og_image":[{"width":2048,"height":1592,"url":"https:\/\/elknutrition.ch\/wp-content\/uploads\/2024\/10\/Candid-Image-Photography-1.webp","type":"image\/webp"}],"twitter_card":"summary_large_image","twitter_misc":{"Gesch\u00e4tzte Lesezeit":"1\u00a0Minute"},"schema":{"@context":"https:\/\/schema.org","@graph":[{"@type":"WebPage","@id":"https:\/\/elknutrition.ch\/de\/wo-du-uns-findest\/","url":"https:\/\/elknutrition.ch\/de\/wo-du-uns-findest\/","name":"Wo du uns findest - Elk Nutrition","isPartOf":{"@id":"https:\/\/elknutrition.ch\/de\/#website"},"primaryImageOfPage":{"@id":"https:\/\/elknutrition.ch\/de\/wo-du-uns-findest\/#primaryimage"},"image":{"@id":"https:\/\/elknutrition.ch\/de\/wo-du-uns-findest\/#primaryimage"},"thumbnailUrl":"https:\/\/elknutrition.ch\/wp-content\/uploads\/2024\/10\/Candid-Image-Photography-1.webp","datePublished":"2024-10-01T13:34:36+00:00","dateModified":"2025-08-04T11:42:08+00:00","description":"Vertrauensw\u00fcrdige Apotheker als Partner, um unsere Naturprodukte zu vertreiben und zu empfehlen, indem sie Sie \u00fcber Vorteile und Anwendung informieren.","breadcrumb":{"@id":"https:\/\/elknutrition.ch\/de\/wo-du-uns-findest\/#breadcrumb"},"inLanguage":"de","potentialAction":[{"@type":"ReadAction","target":["https:\/\/elknutrition.ch\/de\/wo-du-uns-findest\/"]}]},{"@type":"ImageObject","inLanguage":"de","@id":"https:\/\/elknutrition.ch\/de\/wo-du-uns-findest\/#primaryimage","url":"https:\/\/elknutrition.ch\/wp-content\/uploads\/2024\/10\/Candid-Image-Photography-1.webp","contentUrl":"https:\/\/elknutrition.ch\/wp-content\/uploads\/2024\/10\/Candid-Image-Photography-1.webp","width":2048,"height":1592},{"@type":"BreadcrumbList","@id":"https:\/\/elknutrition.ch\/de\/wo-du-uns-findest\/#breadcrumb","itemListElement":[{"@type":"ListItem","position":1,"name":"Home","item":"https:\/\/elknutrition.ch\/de\/elk-nutrition\/"},{"@type":"ListItem","position":2,"name":"Wo du uns findest"}]},{"@type":"WebSite","@id":"https:\/\/elknutrition.ch\/de\/#website","url":"https:\/\/elknutrition.ch\/de\/","name":"Elk Nutrition","description":"Benessere naturale, ogni giorno","publisher":{"@id":"https:\/\/elknutrition.ch\/de\/#organization"},"potentialAction":[{"@type":"SearchAction","target":{"@type":"EntryPoint","urlTemplate":"https:\/\/elknutrition.ch\/de\/?s={search_term_string}"},"query-input":{"@type":"PropertyValueSpecification","valueRequired":true,"valueName":"search_term_string"}}],"inLanguage":"de"},{"@type":"Organization","@id":"https:\/\/elknutrition.ch\/de\/#organization","name":"Elk Nutrition sagl","url":"https:\/\/elknutrition.ch\/de\/","logo":{"@type":"ImageObject","inLanguage":"de","@id":"https:\/\/elknutrition.ch\/de\/#\/schema\/logo\/image\/","url":"https:\/\/elknutrition.ch\/wp-content\/uploads\/2024\/09\/elk-nutrition-logo-c.png","contentUrl":"https:\/\/elknutrition.ch\/wp-content\/uploads\/2024\/09\/elk-nutrition-logo-c.png","width":600,"height":225,"caption":"Elk Nutrition sagl"},"image":{"@id":"https:\/\/elknutrition.ch\/de\/#\/schema\/logo\/image\/"}}]}},"_links":{"self":[{"href":"https:\/\/elknutrition.ch\/de\/wp-json\/wp\/v2\/pages\/3899","targetHints":{"allow":["GET"]}}],"collection":[{"href":"https:\/\/elknutrition.ch\/de\/wp-json\/wp\/v2\/pages"}],"about":[{"href":"https:\/\/elknutrition.ch\/de\/wp-json\/wp\/v2\/types\/page"}],"author":[{"embeddable":true,"href":"https:\/\/elknutrition.ch\/de\/wp-json\/wp\/v2\/users\/3"}],"replies":[{"embeddable":true,"href":"https:\/\/elknutrition.ch\/de\/wp-json\/wp\/v2\/comments?post=3899"}],"version-history":[{"count":2,"href":"https:\/\/elknutrition.ch\/de\/wp-json\/wp\/v2\/pages\/3899\/revisions"}],"predecessor-version":[{"id":4026,"href":"https:\/\/elknutrition.ch\/de\/wp-json\/wp\/v2\/pages\/3899\/revisions\/4026"}],"wp:featuredmedia":[{"embeddable":true,"href":"https:\/\/elknutrition.ch\/de\/wp-json\/wp\/v2\/media\/3854"}],"wp:attachment":[{"href":"https:\/\/elknutrition.ch\/de\/wp-json\/wp\/v2\/media?parent=3899"}],"curies":[{"name":"wp","href":"https:\/\/api.w.org\/{rel}","templated":true}]}}