{"id":3897,"date":"2024-08-26T10:15:49","date_gmt":"2024-08-26T10:15:49","guid":{"rendered":"https:\/\/elknutrition.ch\/ueber-uns\/"},"modified":"2026-02-23T13:37:43","modified_gmt":"2026-02-23T13:37:43","slug":"ueber-uns","status":"publish","type":"page","link":"https:\/\/elknutrition.ch\/de\/ueber-uns\/","title":{"rendered":"\u00dcber uns"},"content":{"rendered":"\t\t<div data-elementor-type=\"wp-page\" data-elementor-id=\"3897\" class=\"elementor elementor-3897 elementor-96\" data-elementor-post-type=\"page\">\n\t\t\t\t<div class=\"elementor-element elementor-element-8bd9a67 e-flex e-con-boxed e-con e-parent\" data-id=\"8bd9a67\" data-element_type=\"container\" data-e-type=\"container\" data-settings=\"{&quot;background_background&quot;:&quot;classic&quot;}\">\n\t\t\t\t\t<div class=\"e-con-inner\">\n\t\t\t\t<div class=\"elementor-element elementor-element-ebaba5a elementor-widget__width-initial elementor-widget elementor-widget-heading\" data-id=\"ebaba5a\" data-element_type=\"widget\" data-e-type=\"widget\" data-widget_type=\"heading.default\">\n\t\t\t\t\t<h2 class=\"elementor-heading-title elementor-size-default\">\u00dcber uns<\/h2>\t\t\t\t<\/div>\n\t\t\t\t<div class=\"elementor-element elementor-element-6764220 elementor-widget__width-initial elementor-widget elementor-widget-heading\" data-id=\"6764220\" data-element_type=\"widget\" data-e-type=\"widget\" data-widget_type=\"heading.default\">\n\t\t\t\t\t<h2 class=\"elementor-heading-title elementor-size-default\">Wir sind ein Schweizer Unternehmen mit Sitz im Tessin, das sich auf die Herstellung hochwertiger Nahrungserg\u00e4nzungsmittel spezialisiert hat.<\/h2>\t\t\t\t<\/div>\n\t\t\t\t\t<\/div>\n\t\t\t\t<\/div>\n\t\t<div class=\"elementor-element elementor-element-371a74f e-flex e-con-boxed e-con e-parent\" data-id=\"371a74f\" data-element_type=\"container\" data-e-type=\"container\" data-settings=\"{&quot;background_background&quot;:&quot;gradient&quot;}\">\n\t\t\t\t\t<div class=\"e-con-inner\">\n\t\t<div class=\"elementor-element elementor-element-98d9700 e-con-full e-flex e-con e-child\" data-id=\"98d9700\" data-element_type=\"container\" data-e-type=\"container\">\n\t\t\t\t<div class=\"elementor-element elementor-element-4d5c0bc elementor-widget elementor-widget-text-editor\" data-id=\"4d5c0bc\" data-element_type=\"widget\" data-e-type=\"widget\" data-widget_type=\"text-editor.default\">\n\t\t\t\t\t\t\t\t\t<p>Schweizer Wohlbefinden<\/p>\t\t\t\t\t\t\t\t<\/div>\n\t\t\t\t<div class=\"elementor-element elementor-element-609f2d6 elementor-widget elementor-widget-text-editor\" data-id=\"609f2d6\" data-element_type=\"widget\" data-e-type=\"widget\" data-widget_type=\"text-editor.default\">\n\t\t\t\t\t\t\t\t\t<p>Innovation und Tradition f\u00fcr Ihre Gesundheit<\/p>\t\t\t\t\t\t\t\t<\/div>\n\t\t\t\t<\/div>\n\t\t<div class=\"elementor-element elementor-element-434ea4d e-con-full e-flex e-con e-child\" data-id=\"434ea4d\" data-element_type=\"container\" data-e-type=\"container\">\n\t\t\t\t<div class=\"elementor-element elementor-element-d05a77e elementor-widget elementor-widget-text-editor\" data-id=\"d05a77e\" data-element_type=\"widget\" data-e-type=\"widget\" data-widget_type=\"text-editor.default\">\n\t\t\t\t\t\t\t\t\t<p>Wir verbinden wissenschaftliche Innovation mit Schweizer Tradition, um wirksame und sichere Produkte anzubieten. Unser Fokus auf Schweizer Pr\u00e4zision und Qualit\u00e4t garantiert zuverl\u00e4ssige Nahrungserg\u00e4nzungsmittel, die mit reinen und nat\u00fcrlichen Inhaltsstoffen entwickelt werden. Mit Vertrauen und Professionalit\u00e4t setzen wir uns daf\u00fcr ein, zu Ihrem Wohlbefinden und Ihrer Langlebigkeit beizutragen.  <\/p>\t\t\t\t\t\t\t\t<\/div>\n\t\t\t\t<\/div>\n\t\t\t\t\t<\/div>\n\t\t\t\t<\/div>\n\t\t<div class=\"elementor-element elementor-element-d62ddbf e-flex e-con-boxed e-con e-parent\" data-id=\"d62ddbf\" data-element_type=\"container\" data-e-type=\"container\">\n\t\t\t\t\t<div class=\"e-con-inner\">\n\t\t<div class=\"elementor-element elementor-element-67d1507 e-grid e-con-full e-con e-child\" data-id=\"67d1507\" data-element_type=\"container\" data-e-type=\"container\">\n\t\t<div class=\"elementor-element elementor-element-494a9c5 e-con-full e-flex e-con e-child\" data-id=\"494a9c5\" data-element_type=\"container\" data-e-type=\"container\" data-settings=\"{&quot;background_background&quot;:&quot;gradient&quot;}\">\n\t\t\t\t<div class=\"elementor-element elementor-element-804c404 elementor-widget elementor-widget-image\" data-id=\"804c404\" data-element_type=\"widget\" data-e-type=\"widget\" data-widget_type=\"image.default\">\n\t\t\t\t\t\t\t\t\t\t\t\t\t\t\t<img fetchpriority=\"high\" decoding=\"async\" width=\"772\" height=\"782\" src=\"https:\/\/elknutrition.ch\/wp-content\/uploads\/2025\/09\/Elki.webp\" class=\"attachment-large size-large wp-image-4122\" alt=\"\" srcset=\"https:\/\/elknutrition.ch\/wp-content\/uploads\/2025\/09\/Elki.webp 772w, https:\/\/elknutrition.ch\/wp-content\/uploads\/2025\/09\/Elki-296x300.webp 296w, https:\/\/elknutrition.ch\/wp-content\/uploads\/2025\/09\/Elki-768x778.webp 768w, https:\/\/elknutrition.ch\/wp-content\/uploads\/2025\/09\/Elki-600x608.webp 600w, https:\/\/elknutrition.ch\/wp-content\/uploads\/2025\/09\/Elki-100x100.webp 100w\" sizes=\"(max-width: 772px) 100vw, 772px\" \/>\t\t\t\t\t\t\t\t\t\t\t\t\t\t\t<\/div>\n\t\t\t\t<div class=\"elementor-element elementor-element-6f29b6c elementor-widget elementor-widget-heading\" data-id=\"6f29b6c\" data-element_type=\"widget\" data-e-type=\"widget\" data-widget_type=\"heading.default\">\n\t\t\t\t\t<h2 class=\"elementor-heading-title elementor-size-default\">Die Natur als Prinzip<\/h2>\t\t\t\t<\/div>\n\t\t\t\t<div class=\"elementor-element elementor-element-e813ea9 elementor-widget elementor-widget-text-editor\" data-id=\"e813ea9\" data-element_type=\"widget\" data-e-type=\"widget\" data-widget_type=\"text-editor.default\">\n\t\t\t\t\t\t\t\t\t<p>Die Natur ist unsere st\u00e4ndige Inspirationsquelle. Wir legen gr\u00f6\u00dften Wert auf die Verwendung nat\u00fcrlicher Inhaltsstoffe bei der Formulierung unserer Produkte und bieten wirksame L\u00f6sungen im Einklang mit der Umwelt. <\/p>\t\t\t\t\t\t\t\t<\/div>\n\t\t\t\t<\/div>\n\t\t<div class=\"elementor-element elementor-element-05cac6e e-con-full e-flex e-con e-child\" data-id=\"05cac6e\" data-element_type=\"container\" data-e-type=\"container\" data-settings=\"{&quot;background_background&quot;:&quot;gradient&quot;}\">\n\t\t\t\t<div class=\"elementor-element elementor-element-061f533 elementor-widget elementor-widget-image\" data-id=\"061f533\" data-element_type=\"widget\" data-e-type=\"widget\" data-widget_type=\"image.default\">\n\t\t\t\t\t\t\t\t\t\t\t\t\t\t\t<img decoding=\"async\" width=\"772\" height=\"782\" src=\"https:\/\/elknutrition.ch\/wp-content\/uploads\/2025\/09\/Elki-3-1.webp\" class=\"attachment-large size-large wp-image-4120\" alt=\"\" srcset=\"https:\/\/elknutrition.ch\/wp-content\/uploads\/2025\/09\/Elki-3-1.webp 772w, https:\/\/elknutrition.ch\/wp-content\/uploads\/2025\/09\/Elki-3-1-296x300.webp 296w, https:\/\/elknutrition.ch\/wp-content\/uploads\/2025\/09\/Elki-3-1-768x778.webp 768w, https:\/\/elknutrition.ch\/wp-content\/uploads\/2025\/09\/Elki-3-1-600x608.webp 600w, https:\/\/elknutrition.ch\/wp-content\/uploads\/2025\/09\/Elki-3-1-100x100.webp 100w\" sizes=\"(max-width: 772px) 100vw, 772px\" \/>\t\t\t\t\t\t\t\t\t\t\t\t\t\t\t<\/div>\n\t\t\t\t<div class=\"elementor-element elementor-element-c39fc21 elementor-widget elementor-widget-heading\" data-id=\"c39fc21\" data-element_type=\"widget\" data-e-type=\"widget\" data-widget_type=\"heading.default\">\n\t\t\t\t\t<h2 class=\"elementor-heading-title elementor-size-default\">Die Wissenschaft als Methode<\/h2>\t\t\t\t<\/div>\n\t\t\t\t<div class=\"elementor-element elementor-element-7e24fbc elementor-widget elementor-widget-text-editor\" data-id=\"7e24fbc\" data-element_type=\"widget\" data-e-type=\"widget\" data-widget_type=\"text-editor.default\">\n\t\t\t\t\t\t\t\t\t<p>Wir entwickeln innovative Produkte durch rigorose wissenschaftliche Forschung. Wir w\u00e4hlen sorgf\u00e4ltig hochwertige Wirkstoffe und titrierte Phytoextrakte aus, um spezifische Wellness-Bed\u00fcrfnisse zu erf\u00fcllen. <\/p>\t\t\t\t\t\t\t\t<\/div>\n\t\t\t\t<\/div>\n\t\t<div class=\"elementor-element elementor-element-4882c66 e-con-full e-flex e-con e-child\" data-id=\"4882c66\" data-element_type=\"container\" data-e-type=\"container\" data-settings=\"{&quot;background_background&quot;:&quot;gradient&quot;}\">\n\t\t\t\t<div class=\"elementor-element elementor-element-1012fef elementor-widget elementor-widget-image\" data-id=\"1012fef\" data-element_type=\"widget\" data-e-type=\"widget\" data-widget_type=\"image.default\">\n\t\t\t\t\t\t\t\t\t\t\t\t\t\t\t<img decoding=\"async\" width=\"772\" height=\"782\" src=\"https:\/\/elknutrition.ch\/wp-content\/uploads\/2025\/09\/Elki-2-1.webp\" class=\"attachment-large size-large wp-image-4118\" alt=\"\" srcset=\"https:\/\/elknutrition.ch\/wp-content\/uploads\/2025\/09\/Elki-2-1.webp 772w, https:\/\/elknutrition.ch\/wp-content\/uploads\/2025\/09\/Elki-2-1-296x300.webp 296w, https:\/\/elknutrition.ch\/wp-content\/uploads\/2025\/09\/Elki-2-1-768x778.webp 768w, https:\/\/elknutrition.ch\/wp-content\/uploads\/2025\/09\/Elki-2-1-600x608.webp 600w, https:\/\/elknutrition.ch\/wp-content\/uploads\/2025\/09\/Elki-2-1-100x100.webp 100w\" sizes=\"(max-width: 772px) 100vw, 772px\" \/>\t\t\t\t\t\t\t\t\t\t\t\t\t\t\t<\/div>\n\t\t\t\t<div class=\"elementor-element elementor-element-7c64c43 elementor-widget elementor-widget-heading\" data-id=\"7c64c43\" data-element_type=\"widget\" data-e-type=\"widget\" data-widget_type=\"heading.default\">\n\t\t\t\t\t<h2 class=\"elementor-heading-title elementor-size-default\">Qualit\u00e4t und Sicherheit<\/h2>\t\t\t\t<\/div>\n\t\t\t\t<div class=\"elementor-element elementor-element-832692d elementor-widget elementor-widget-text-editor\" data-id=\"832692d\" data-element_type=\"widget\" data-e-type=\"widget\" data-widget_type=\"text-editor.default\">\n\t\t\t\t\t\t\t\t\t<p>Wir bieten Produkte mit effektiven Dosierungen an, die auf aktuellen wissenschaftlichen Studien basieren. Jeder Rohstoff wird sorgf\u00e4ltigen Analysen unterzogen, um maximale Sicherheit und die Abwesenheit von Allergenen zu gew\u00e4hrleisten. <\/p>\t\t\t\t\t\t\t\t<\/div>\n\t\t\t\t<\/div>\n\t\t\t\t<\/div>\n\t\t\t\t\t<\/div>\n\t\t\t\t<\/div>\n\t\t\t\t<\/div>\n\t\t","protected":false},"excerpt":{"rendered":"<p>\u00dcber uns Wir sind ein Schweizer Unternehmen mit Sitz im Tessin, das sich auf die Herstellung hochwertiger Nahrungserg\u00e4nzungsmittel spezialisiert hat. Schweizer Wohlbefinden Innovation und Tradition f\u00fcr Ihre Gesundheit Wir verbinden wissenschaftliche Innovation mit Schweizer Tradition, um wirksame und sichere Produkte anzubieten. Unser Fokus auf Schweizer Pr\u00e4zision und Qualit\u00e4t garantiert zuverl\u00e4ssige Nahrungserg\u00e4nzungsmittel, die mit reinen und [&hellip;]<\/p>\n","protected":false},"author":2,"featured_media":3857,"parent":0,"menu_order":6,"comment_status":"closed","ping_status":"closed","template":"","meta":{"footnotes":""},"class_list":["post-3897","page","type-page","status-publish","has-post-thumbnail","hentry"],"yoast_head":"<!-- This site is optimized with the Yoast SEO plugin v27.4 - https:\/\/yoast.com\/product\/yoast-seo-wordpress\/ -->\n<title>\u00dcber uns - Elk Nutrition<\/title>\n<meta name=\"description\" content=\"Wir sind ein Schweizer Unternehmen mit Sitz im Tessin, das sich auf die Herstellung hochwertiger Nahrungserg\u00e4nzungsmittel spezialisiert hat.\" \/>\n<meta name=\"robots\" content=\"index, follow, max-snippet:-1, max-image-preview:large, max-video-preview:-1\" \/>\n<link rel=\"canonical\" href=\"https:\/\/elknutrition.ch\/de\/ueber-uns\/\" \/>\n<meta property=\"og:locale\" content=\"de_DE\" \/>\n<meta property=\"og:type\" content=\"article\" \/>\n<meta property=\"og:title\" content=\"\u00dcber uns - Elk Nutrition\" \/>\n<meta property=\"og:description\" content=\"Wir sind ein Schweizer Unternehmen mit Sitz im Tessin, das sich auf die Herstellung hochwertiger Nahrungserg\u00e4nzungsmittel spezialisiert hat.\" \/>\n<meta property=\"og:url\" content=\"https:\/\/elknutrition.ch\/de\/ueber-uns\/\" \/>\n<meta property=\"og:site_name\" content=\"Elk Nutrition\" \/>\n<meta property=\"article:modified_time\" content=\"2026-02-23T13:37:43+00:00\" \/>\n<meta property=\"og:image\" content=\"https:\/\/elknutrition.ch\/wp-content\/uploads\/2024\/10\/Elk-hero-scaled.webp\" \/>\n\t<meta property=\"og:image:width\" content=\"2560\" \/>\n\t<meta property=\"og:image:height\" content=\"861\" \/>\n\t<meta property=\"og:image:type\" content=\"image\/webp\" \/>\n<meta name=\"twitter:card\" content=\"summary_large_image\" \/>\n<meta name=\"twitter:label1\" content=\"Gesch\u00e4tzte Lesezeit\" \/>\n\t<meta name=\"twitter:data1\" content=\"1\u00a0Minute\" \/>\n<script type=\"application\/ld+json\" class=\"yoast-schema-graph\">{\"@context\":\"https:\\\/\\\/schema.org\",\"@graph\":[{\"@type\":\"WebPage\",\"@id\":\"https:\\\/\\\/elknutrition.ch\\\/de\\\/ueber-uns\\\/\",\"url\":\"https:\\\/\\\/elknutrition.ch\\\/de\\\/ueber-uns\\\/\",\"name\":\"\u00dcber uns - Elk Nutrition\",\"isPartOf\":{\"@id\":\"https:\\\/\\\/elknutrition.ch\\\/de\\\/#website\"},\"primaryImageOfPage\":{\"@id\":\"https:\\\/\\\/elknutrition.ch\\\/de\\\/ueber-uns\\\/#primaryimage\"},\"image\":{\"@id\":\"https:\\\/\\\/elknutrition.ch\\\/de\\\/ueber-uns\\\/#primaryimage\"},\"thumbnailUrl\":\"https:\\\/\\\/elknutrition.ch\\\/wp-content\\\/uploads\\\/2024\\\/10\\\/Elk-hero-scaled.webp\",\"datePublished\":\"2024-08-26T10:15:49+00:00\",\"dateModified\":\"2026-02-23T13:37:43+00:00\",\"description\":\"Wir sind ein Schweizer Unternehmen mit Sitz im Tessin, das sich auf die Herstellung hochwertiger Nahrungserg\u00e4nzungsmittel spezialisiert hat.\",\"breadcrumb\":{\"@id\":\"https:\\\/\\\/elknutrition.ch\\\/de\\\/ueber-uns\\\/#breadcrumb\"},\"inLanguage\":\"de\",\"potentialAction\":[{\"@type\":\"ReadAction\",\"target\":[\"https:\\\/\\\/elknutrition.ch\\\/de\\\/ueber-uns\\\/\"]}]},{\"@type\":\"ImageObject\",\"inLanguage\":\"de\",\"@id\":\"https:\\\/\\\/elknutrition.ch\\\/de\\\/ueber-uns\\\/#primaryimage\",\"url\":\"https:\\\/\\\/elknutrition.ch\\\/wp-content\\\/uploads\\\/2024\\\/10\\\/Elk-hero-scaled.webp\",\"contentUrl\":\"https:\\\/\\\/elknutrition.ch\\\/wp-content\\\/uploads\\\/2024\\\/10\\\/Elk-hero-scaled.webp\",\"width\":2560,\"height\":861},{\"@type\":\"BreadcrumbList\",\"@id\":\"https:\\\/\\\/elknutrition.ch\\\/de\\\/ueber-uns\\\/#breadcrumb\",\"itemListElement\":[{\"@type\":\"ListItem\",\"position\":1,\"name\":\"Home\",\"item\":\"https:\\\/\\\/elknutrition.ch\\\/de\\\/elk-nutrition\\\/\"},{\"@type\":\"ListItem\",\"position\":2,\"name\":\"\u00dcber uns\"}]},{\"@type\":\"WebSite\",\"@id\":\"https:\\\/\\\/elknutrition.ch\\\/de\\\/#website\",\"url\":\"https:\\\/\\\/elknutrition.ch\\\/de\\\/\",\"name\":\"Elk Nutrition\",\"description\":\"Benessere naturale, ogni giorno\",\"publisher\":{\"@id\":\"https:\\\/\\\/elknutrition.ch\\\/de\\\/#organization\"},\"potentialAction\":[{\"@type\":\"SearchAction\",\"target\":{\"@type\":\"EntryPoint\",\"urlTemplate\":\"https:\\\/\\\/elknutrition.ch\\\/de\\\/?s={search_term_string}\"},\"query-input\":{\"@type\":\"PropertyValueSpecification\",\"valueRequired\":true,\"valueName\":\"search_term_string\"}}],\"inLanguage\":\"de\"},{\"@type\":\"Organization\",\"@id\":\"https:\\\/\\\/elknutrition.ch\\\/de\\\/#organization\",\"name\":\"Elk Nutrition sagl\",\"url\":\"https:\\\/\\\/elknutrition.ch\\\/de\\\/\",\"logo\":{\"@type\":\"ImageObject\",\"inLanguage\":\"de\",\"@id\":\"https:\\\/\\\/elknutrition.ch\\\/de\\\/#\\\/schema\\\/logo\\\/image\\\/\",\"url\":\"https:\\\/\\\/elknutrition.ch\\\/wp-content\\\/uploads\\\/2024\\\/09\\\/elk-nutrition-logo-c.png\",\"contentUrl\":\"https:\\\/\\\/elknutrition.ch\\\/wp-content\\\/uploads\\\/2024\\\/09\\\/elk-nutrition-logo-c.png\",\"width\":600,\"height\":225,\"caption\":\"Elk Nutrition sagl\"},\"image\":{\"@id\":\"https:\\\/\\\/elknutrition.ch\\\/de\\\/#\\\/schema\\\/logo\\\/image\\\/\"}}]}<\/script>\n<!-- \/ Yoast SEO plugin. -->","yoast_head_json":{"title":"\u00dcber uns - Elk Nutrition","description":"Wir sind ein Schweizer Unternehmen mit Sitz im Tessin, das sich auf die Herstellung hochwertiger Nahrungserg\u00e4nzungsmittel spezialisiert hat.","robots":{"index":"index","follow":"follow","max-snippet":"max-snippet:-1","max-image-preview":"max-image-preview:large","max-video-preview":"max-video-preview:-1"},"canonical":"https:\/\/elknutrition.ch\/de\/ueber-uns\/","og_locale":"de_DE","og_type":"article","og_title":"\u00dcber uns - Elk Nutrition","og_description":"Wir sind ein Schweizer Unternehmen mit Sitz im Tessin, das sich auf die Herstellung hochwertiger Nahrungserg\u00e4nzungsmittel spezialisiert hat.","og_url":"https:\/\/elknutrition.ch\/de\/ueber-uns\/","og_site_name":"Elk Nutrition","article_modified_time":"2026-02-23T13:37:43+00:00","og_image":[{"width":2560,"height":861,"url":"https:\/\/elknutrition.ch\/wp-content\/uploads\/2024\/10\/Elk-hero-scaled.webp","type":"image\/webp"}],"twitter_card":"summary_large_image","twitter_misc":{"Gesch\u00e4tzte Lesezeit":"1\u00a0Minute"},"schema":{"@context":"https:\/\/schema.org","@graph":[{"@type":"WebPage","@id":"https:\/\/elknutrition.ch\/de\/ueber-uns\/","url":"https:\/\/elknutrition.ch\/de\/ueber-uns\/","name":"\u00dcber uns - Elk Nutrition","isPartOf":{"@id":"https:\/\/elknutrition.ch\/de\/#website"},"primaryImageOfPage":{"@id":"https:\/\/elknutrition.ch\/de\/ueber-uns\/#primaryimage"},"image":{"@id":"https:\/\/elknutrition.ch\/de\/ueber-uns\/#primaryimage"},"thumbnailUrl":"https:\/\/elknutrition.ch\/wp-content\/uploads\/2024\/10\/Elk-hero-scaled.webp","datePublished":"2024-08-26T10:15:49+00:00","dateModified":"2026-02-23T13:37:43+00:00","description":"Wir sind ein Schweizer Unternehmen mit Sitz im Tessin, das sich auf die Herstellung hochwertiger Nahrungserg\u00e4nzungsmittel spezialisiert hat.","breadcrumb":{"@id":"https:\/\/elknutrition.ch\/de\/ueber-uns\/#breadcrumb"},"inLanguage":"de","potentialAction":[{"@type":"ReadAction","target":["https:\/\/elknutrition.ch\/de\/ueber-uns\/"]}]},{"@type":"ImageObject","inLanguage":"de","@id":"https:\/\/elknutrition.ch\/de\/ueber-uns\/#primaryimage","url":"https:\/\/elknutrition.ch\/wp-content\/uploads\/2024\/10\/Elk-hero-scaled.webp","contentUrl":"https:\/\/elknutrition.ch\/wp-content\/uploads\/2024\/10\/Elk-hero-scaled.webp","width":2560,"height":861},{"@type":"BreadcrumbList","@id":"https:\/\/elknutrition.ch\/de\/ueber-uns\/#breadcrumb","itemListElement":[{"@type":"ListItem","position":1,"name":"Home","item":"https:\/\/elknutrition.ch\/de\/elk-nutrition\/"},{"@type":"ListItem","position":2,"name":"\u00dcber uns"}]},{"@type":"WebSite","@id":"https:\/\/elknutrition.ch\/de\/#website","url":"https:\/\/elknutrition.ch\/de\/","name":"Elk Nutrition","description":"Benessere naturale, ogni giorno","publisher":{"@id":"https:\/\/elknutrition.ch\/de\/#organization"},"potentialAction":[{"@type":"SearchAction","target":{"@type":"EntryPoint","urlTemplate":"https:\/\/elknutrition.ch\/de\/?s={search_term_string}"},"query-input":{"@type":"PropertyValueSpecification","valueRequired":true,"valueName":"search_term_string"}}],"inLanguage":"de"},{"@type":"Organization","@id":"https:\/\/elknutrition.ch\/de\/#organization","name":"Elk Nutrition sagl","url":"https:\/\/elknutrition.ch\/de\/","logo":{"@type":"ImageObject","inLanguage":"de","@id":"https:\/\/elknutrition.ch\/de\/#\/schema\/logo\/image\/","url":"https:\/\/elknutrition.ch\/wp-content\/uploads\/2024\/09\/elk-nutrition-logo-c.png","contentUrl":"https:\/\/elknutrition.ch\/wp-content\/uploads\/2024\/09\/elk-nutrition-logo-c.png","width":600,"height":225,"caption":"Elk Nutrition sagl"},"image":{"@id":"https:\/\/elknutrition.ch\/de\/#\/schema\/logo\/image\/"}}]}},"_links":{"self":[{"href":"https:\/\/elknutrition.ch\/de\/wp-json\/wp\/v2\/pages\/3897","targetHints":{"allow":["GET"]}}],"collection":[{"href":"https:\/\/elknutrition.ch\/de\/wp-json\/wp\/v2\/pages"}],"about":[{"href":"https:\/\/elknutrition.ch\/de\/wp-json\/wp\/v2\/types\/page"}],"author":[{"embeddable":true,"href":"https:\/\/elknutrition.ch\/de\/wp-json\/wp\/v2\/users\/2"}],"replies":[{"embeddable":true,"href":"https:\/\/elknutrition.ch\/de\/wp-json\/wp\/v2\/comments?post=3897"}],"version-history":[{"count":5,"href":"https:\/\/elknutrition.ch\/de\/wp-json\/wp\/v2\/pages\/3897\/revisions"}],"predecessor-version":[{"id":4328,"href":"https:\/\/elknutrition.ch\/de\/wp-json\/wp\/v2\/pages\/3897\/revisions\/4328"}],"wp:featuredmedia":[{"embeddable":true,"href":"https:\/\/elknutrition.ch\/de\/wp-json\/wp\/v2\/media\/3857"}],"wp:attachment":[{"href":"https:\/\/elknutrition.ch\/de\/wp-json\/wp\/v2\/media?parent=3897"}],"curies":[{"name":"wp","href":"https:\/\/api.w.org\/{rel}","templated":true}]}}